{"id":138,"date":"2021-05-20T03:59:09","date_gmt":"2021-05-20T03:59:09","guid":{"rendered":"https:\/\/www.annieshomegrown.ca\/fr\/?page_id=138"},"modified":"2021-09-15T15:38:13","modified_gmt":"2021-09-15T15:38:13","slug":"notre-mission","status":"publish","type":"page","link":"https:\/\/www.annieshomegrown.ca\/fr\/notre-mission\/","title":{"rendered":"Notre mission"},"content":{"rendered":"","protected":false},"excerpt":{"rendered":"","protected":false},"author":5,"featured_media":0,"parent":0,"menu_order":0,"comment_status":"closed","ping_status":"closed","template":"template-modules.php","meta":{"_acf_changed":false,"footnotes":""},"class_list":["post-138","page","type-page","status-publish","hentry"],"acf":[],"yoast_head":"<!-- This site is optimized with the Yoast SEO plugin v27.1.1 - https:\/\/yoast.com\/product\/yoast-seo-wordpress\/ -->\n<title>Notre Mission | Produits Bios D\u00e9licieux | Annie&#039;s Homegrown<\/title>\n<meta name=\"description\" content=\"La mission d&#039;Annie est de cultiver un monde plus sain et plus heureux en r\u00e9pandant le bien gr\u00e2ce \u00e0 des aliments nourrissants, biologiques et naturels.\" \/>\n<meta name=\"robots\" content=\"index, follow, max-snippet:-1, max-image-preview:large, max-video-preview:-1\" \/>\n<link rel=\"canonical\" href=\"https:\/\/www.annieshomegrown.ca\/fr\/notre-mission\/\" \/>\n<meta property=\"og:locale\" content=\"fr_CA\" \/>\n<meta property=\"og:type\" content=\"article\" \/>\n<meta property=\"og:title\" content=\"Notre Mission | Produits Bios D\u00e9licieux | Annie&#039;s Homegrown\" \/>\n<meta property=\"og:description\" content=\"La mission d&#039;Annie est de cultiver un monde plus sain et plus heureux en r\u00e9pandant le bien gr\u00e2ce \u00e0 des aliments nourrissants, biologiques et naturels.\" \/>\n<meta property=\"og:url\" content=\"https:\/\/www.annieshomegrown.ca\/fr\/notre-mission\/\" \/>\n<meta property=\"og:site_name\" content=\"Annie&#039;s Homegrown Fran\u00e7ais\" \/>\n<meta property=\"article:modified_time\" content=\"2021-09-15T15:38:13+00:00\" \/>\n<meta name=\"twitter:card\" content=\"summary_large_image\" \/>\n<script type=\"application\/ld+json\" class=\"yoast-schema-graph\">{\"@context\":\"https:\/\/schema.org\",\"@graph\":[{\"@type\":\"WebPage\",\"@id\":\"https:\/\/www.annieshomegrown.ca\/fr\/notre-mission\/\",\"url\":\"https:\/\/www.annieshomegrown.ca\/fr\/notre-mission\/\",\"name\":\"Notre Mission | Produits Bios D\u00e9licieux | Annie's Homegrown\",\"isPartOf\":{\"@id\":\"https:\/\/www.annieshomegrown.ca\/fr\/#website\"},\"datePublished\":\"2021-05-20T03:59:09+00:00\",\"dateModified\":\"2021-09-15T15:38:13+00:00\",\"description\":\"La mission d'Annie est de cultiver un monde plus sain et plus heureux en r\u00e9pandant le bien gr\u00e2ce \u00e0 des aliments nourrissants, biologiques et naturels.\",\"breadcrumb\":{\"@id\":\"https:\/\/www.annieshomegrown.ca\/fr\/notre-mission\/#breadcrumb\"},\"inLanguage\":\"fr-CA\",\"potentialAction\":[{\"@type\":\"ReadAction\",\"target\":[\"https:\/\/www.annieshomegrown.ca\/fr\/notre-mission\/\"]}]},{\"@type\":\"BreadcrumbList\",\"@id\":\"https:\/\/www.annieshomegrown.ca\/fr\/notre-mission\/#breadcrumb\",\"itemListElement\":[{\"@type\":\"ListItem\",\"position\":1,\"name\":\"Home\",\"item\":\"https:\/\/www.annieshomegrown.ca\/fr\/\"},{\"@type\":\"ListItem\",\"position\":2,\"name\":\"Notre mission\"}]},{\"@type\":\"WebSite\",\"@id\":\"https:\/\/www.annieshomegrown.ca\/fr\/#website\",\"url\":\"https:\/\/www.annieshomegrown.ca\/fr\/\",\"name\":\"Annie&#039;s Homegrown Fran\u00e7ais\",\"description\":\"Annie&#039;s fabrique des aliments d\u00e9licieux et nourrissants qui sont \u00e9galement bons pour la plan\u00e8te.\",\"potentialAction\":[{\"@type\":\"SearchAction\",\"target\":{\"@type\":\"EntryPoint\",\"urlTemplate\":\"https:\/\/www.annieshomegrown.ca\/fr\/?s={search_term_string}\"},\"query-input\":{\"@type\":\"PropertyValueSpecification\",\"valueRequired\":true,\"valueName\":\"search_term_string\"}}],\"inLanguage\":\"fr-CA\"}]}<\/script>\n<!-- \/ Yoast SEO plugin. -->","yoast_head_json":{"title":"Notre Mission | Produits Bios D\u00e9licieux | Annie's Homegrown","description":"La mission d'Annie est de cultiver un monde plus sain et plus heureux en r\u00e9pandant le bien gr\u00e2ce \u00e0 des aliments nourrissants, biologiques et naturels.","robots":{"index":"index","follow":"follow","max-snippet":"max-snippet:-1","max-image-preview":"max-image-preview:large","max-video-preview":"max-video-preview:-1"},"canonical":"https:\/\/www.annieshomegrown.ca\/fr\/notre-mission\/","og_locale":"fr_CA","og_type":"article","og_title":"Notre Mission | Produits Bios D\u00e9licieux | Annie's Homegrown","og_description":"La mission d'Annie est de cultiver un monde plus sain et plus heureux en r\u00e9pandant le bien gr\u00e2ce \u00e0 des aliments nourrissants, biologiques et naturels.","og_url":"https:\/\/www.annieshomegrown.ca\/fr\/notre-mission\/","og_site_name":"Annie&#039;s Homegrown Fran\u00e7ais","article_modified_time":"2021-09-15T15:38:13+00:00","twitter_card":"summary_large_image","schema":{"@context":"https:\/\/schema.org","@graph":[{"@type":"WebPage","@id":"https:\/\/www.annieshomegrown.ca\/fr\/notre-mission\/","url":"https:\/\/www.annieshomegrown.ca\/fr\/notre-mission\/","name":"Notre Mission | Produits Bios D\u00e9licieux | Annie's Homegrown","isPartOf":{"@id":"https:\/\/www.annieshomegrown.ca\/fr\/#website"},"datePublished":"2021-05-20T03:59:09+00:00","dateModified":"2021-09-15T15:38:13+00:00","description":"La mission d'Annie est de cultiver un monde plus sain et plus heureux en r\u00e9pandant le bien gr\u00e2ce \u00e0 des aliments nourrissants, biologiques et naturels.","breadcrumb":{"@id":"https:\/\/www.annieshomegrown.ca\/fr\/notre-mission\/#breadcrumb"},"inLanguage":"fr-CA","potentialAction":[{"@type":"ReadAction","target":["https:\/\/www.annieshomegrown.ca\/fr\/notre-mission\/"]}]},{"@type":"BreadcrumbList","@id":"https:\/\/www.annieshomegrown.ca\/fr\/notre-mission\/#breadcrumb","itemListElement":[{"@type":"ListItem","position":1,"name":"Home","item":"https:\/\/www.annieshomegrown.ca\/fr\/"},{"@type":"ListItem","position":2,"name":"Notre mission"}]},{"@type":"WebSite","@id":"https:\/\/www.annieshomegrown.ca\/fr\/#website","url":"https:\/\/www.annieshomegrown.ca\/fr\/","name":"Annie&#039;s Homegrown Fran\u00e7ais","description":"Annie&#039;s fabrique des aliments d\u00e9licieux et nourrissants qui sont \u00e9galement bons pour la plan\u00e8te.","potentialAction":[{"@type":"SearchAction","target":{"@type":"EntryPoint","urlTemplate":"https:\/\/www.annieshomegrown.ca\/fr\/?s={search_term_string}"},"query-input":{"@type":"PropertyValueSpecification","valueRequired":true,"valueName":"search_term_string"}}],"inLanguage":"fr-CA"}]}},"_links":{"self":[{"href":"https:\/\/www.annieshomegrown.ca\/fr\/wp-json\/wp\/v2\/pages\/138","targetHints":{"allow":["GET"]}}],"collection":[{"href":"https:\/\/www.annieshomegrown.ca\/fr\/wp-json\/wp\/v2\/pages"}],"about":[{"href":"https:\/\/www.annieshomegrown.ca\/fr\/wp-json\/wp\/v2\/types\/page"}],"author":[{"embeddable":true,"href":"https:\/\/www.annieshomegrown.ca\/fr\/wp-json\/wp\/v2\/users\/5"}],"replies":[{"embeddable":true,"href":"https:\/\/www.annieshomegrown.ca\/fr\/wp-json\/wp\/v2\/comments?post=138"}],"version-history":[{"count":0,"href":"https:\/\/www.annieshomegrown.ca\/fr\/wp-json\/wp\/v2\/pages\/138\/revisions"}],"wp:attachment":[{"href":"https:\/\/www.annieshomegrown.ca\/fr\/wp-json\/wp\/v2\/media?parent=138"}],"curies":[{"name":"wp","href":"https:\/\/api.w.org\/{rel}","templated":true}]}}