{"id":149,"date":"2021-05-20T06:10:25","date_gmt":"2021-05-20T06:10:25","guid":{"rendered":"https:\/\/www.annieshomegrown.ca\/fr\/?page_id=149"},"modified":"2024-03-01T20:44:27","modified_gmt":"2024-03-01T20:44:27","slug":"la-fabrication-de-nos-aliments","status":"publish","type":"page","link":"https:\/\/www.annieshomegrown.ca\/fr\/la-fabrication-de-nos-aliments\/","title":{"rendered":"La fabrication de nos aliments"},"content":{"rendered":"","protected":false},"excerpt":{"rendered":"","protected":false},"author":1,"featured_media":0,"parent":0,"menu_order":0,"comment_status":"closed","ping_status":"closed","template":"template-modules.php","meta":{"_acf_changed":false,"footnotes":""},"class_list":["post-149","page","type-page","status-publish","hentry"],"acf":[],"yoast_head":"<!-- This site is optimized with the Yoast SEO plugin v27.1.1 - https:\/\/yoast.com\/product\/yoast-seo-wordpress\/ -->\n<title>Fabrication des Aliments | Produits Bio | Annie\u2019s Homegrown<\/title>\n<meta name=\"description\" content=\"Les produits bios d&#039;Annie sont \u00e9labor\u00e9s \u00e0 partir d&#039;ingr\u00e9dients sans OGM. C\u2019est \u00e0 travers nos produits que nous pouvons diminuer notre impact sur la plan\u00e8te.\" \/>\n<meta name=\"robots\" content=\"index, follow, max-snippet:-1, max-image-preview:large, max-video-preview:-1\" \/>\n<link rel=\"canonical\" href=\"https:\/\/www.annieshomegrown.ca\/fr\/la-fabrication-de-nos-aliments\/\" \/>\n<meta property=\"og:locale\" content=\"fr_CA\" \/>\n<meta property=\"og:type\" content=\"article\" \/>\n<meta property=\"og:title\" content=\"Fabrication des Aliments | Produits Bio | Annie\u2019s Homegrown\" \/>\n<meta property=\"og:description\" content=\"Les produits bios d&#039;Annie sont \u00e9labor\u00e9s \u00e0 partir d&#039;ingr\u00e9dients sans OGM. C\u2019est \u00e0 travers nos produits que nous pouvons diminuer notre impact sur la plan\u00e8te.\" \/>\n<meta property=\"og:url\" content=\"https:\/\/www.annieshomegrown.ca\/fr\/la-fabrication-de-nos-aliments\/\" \/>\n<meta property=\"og:site_name\" content=\"Annie&#039;s Homegrown Fran\u00e7ais\" \/>\n<meta property=\"article:modified_time\" content=\"2024-03-01T20:44:27+00:00\" \/>\n<meta name=\"twitter:card\" content=\"summary_large_image\" \/>\n<script type=\"application\/ld+json\" class=\"yoast-schema-graph\">{\"@context\":\"https:\/\/schema.org\",\"@graph\":[{\"@type\":\"WebPage\",\"@id\":\"https:\/\/www.annieshomegrown.ca\/fr\/la-fabrication-de-nos-aliments\/\",\"url\":\"https:\/\/www.annieshomegrown.ca\/fr\/la-fabrication-de-nos-aliments\/\",\"name\":\"Fabrication des Aliments | Produits Bio | Annie\u2019s Homegrown\",\"isPartOf\":{\"@id\":\"https:\/\/www.annieshomegrown.ca\/fr\/#website\"},\"datePublished\":\"2021-05-20T06:10:25+00:00\",\"dateModified\":\"2024-03-01T20:44:27+00:00\",\"description\":\"Les produits bios d'Annie sont \u00e9labor\u00e9s \u00e0 partir d'ingr\u00e9dients sans OGM. C\u2019est \u00e0 travers nos produits que nous pouvons diminuer notre impact sur la plan\u00e8te.\",\"breadcrumb\":{\"@id\":\"https:\/\/www.annieshomegrown.ca\/fr\/la-fabrication-de-nos-aliments\/#breadcrumb\"},\"inLanguage\":\"fr-CA\",\"potentialAction\":[{\"@type\":\"ReadAction\",\"target\":[\"https:\/\/www.annieshomegrown.ca\/fr\/la-fabrication-de-nos-aliments\/\"]}]},{\"@type\":\"BreadcrumbList\",\"@id\":\"https:\/\/www.annieshomegrown.ca\/fr\/la-fabrication-de-nos-aliments\/#breadcrumb\",\"itemListElement\":[{\"@type\":\"ListItem\",\"position\":1,\"name\":\"Home\",\"item\":\"https:\/\/www.annieshomegrown.ca\/fr\/\"},{\"@type\":\"ListItem\",\"position\":2,\"name\":\"La fabrication de nos aliments\"}]},{\"@type\":\"WebSite\",\"@id\":\"https:\/\/www.annieshomegrown.ca\/fr\/#website\",\"url\":\"https:\/\/www.annieshomegrown.ca\/fr\/\",\"name\":\"Annie&#039;s Homegrown Fran\u00e7ais\",\"description\":\"Annie&#039;s fabrique des aliments d\u00e9licieux et nourrissants qui sont \u00e9galement bons pour la plan\u00e8te.\",\"potentialAction\":[{\"@type\":\"SearchAction\",\"target\":{\"@type\":\"EntryPoint\",\"urlTemplate\":\"https:\/\/www.annieshomegrown.ca\/fr\/?s={search_term_string}\"},\"query-input\":{\"@type\":\"PropertyValueSpecification\",\"valueRequired\":true,\"valueName\":\"search_term_string\"}}],\"inLanguage\":\"fr-CA\"}]}<\/script>\n<!-- \/ Yoast SEO plugin. -->","yoast_head_json":{"title":"Fabrication des Aliments | Produits Bio | Annie\u2019s Homegrown","description":"Les produits bios d'Annie sont \u00e9labor\u00e9s \u00e0 partir d'ingr\u00e9dients sans OGM. C\u2019est \u00e0 travers nos produits que nous pouvons diminuer notre impact sur la plan\u00e8te.","robots":{"index":"index","follow":"follow","max-snippet":"max-snippet:-1","max-image-preview":"max-image-preview:large","max-video-preview":"max-video-preview:-1"},"canonical":"https:\/\/www.annieshomegrown.ca\/fr\/la-fabrication-de-nos-aliments\/","og_locale":"fr_CA","og_type":"article","og_title":"Fabrication des Aliments | Produits Bio | Annie\u2019s Homegrown","og_description":"Les produits bios d'Annie sont \u00e9labor\u00e9s \u00e0 partir d'ingr\u00e9dients sans OGM. C\u2019est \u00e0 travers nos produits que nous pouvons diminuer notre impact sur la plan\u00e8te.","og_url":"https:\/\/www.annieshomegrown.ca\/fr\/la-fabrication-de-nos-aliments\/","og_site_name":"Annie&#039;s Homegrown Fran\u00e7ais","article_modified_time":"2024-03-01T20:44:27+00:00","twitter_card":"summary_large_image","schema":{"@context":"https:\/\/schema.org","@graph":[{"@type":"WebPage","@id":"https:\/\/www.annieshomegrown.ca\/fr\/la-fabrication-de-nos-aliments\/","url":"https:\/\/www.annieshomegrown.ca\/fr\/la-fabrication-de-nos-aliments\/","name":"Fabrication des Aliments | Produits Bio | Annie\u2019s Homegrown","isPartOf":{"@id":"https:\/\/www.annieshomegrown.ca\/fr\/#website"},"datePublished":"2021-05-20T06:10:25+00:00","dateModified":"2024-03-01T20:44:27+00:00","description":"Les produits bios d'Annie sont \u00e9labor\u00e9s \u00e0 partir d'ingr\u00e9dients sans OGM. C\u2019est \u00e0 travers nos produits que nous pouvons diminuer notre impact sur la plan\u00e8te.","breadcrumb":{"@id":"https:\/\/www.annieshomegrown.ca\/fr\/la-fabrication-de-nos-aliments\/#breadcrumb"},"inLanguage":"fr-CA","potentialAction":[{"@type":"ReadAction","target":["https:\/\/www.annieshomegrown.ca\/fr\/la-fabrication-de-nos-aliments\/"]}]},{"@type":"BreadcrumbList","@id":"https:\/\/www.annieshomegrown.ca\/fr\/la-fabrication-de-nos-aliments\/#breadcrumb","itemListElement":[{"@type":"ListItem","position":1,"name":"Home","item":"https:\/\/www.annieshomegrown.ca\/fr\/"},{"@type":"ListItem","position":2,"name":"La fabrication de nos aliments"}]},{"@type":"WebSite","@id":"https:\/\/www.annieshomegrown.ca\/fr\/#website","url":"https:\/\/www.annieshomegrown.ca\/fr\/","name":"Annie&#039;s Homegrown Fran\u00e7ais","description":"Annie&#039;s fabrique des aliments d\u00e9licieux et nourrissants qui sont \u00e9galement bons pour la plan\u00e8te.","potentialAction":[{"@type":"SearchAction","target":{"@type":"EntryPoint","urlTemplate":"https:\/\/www.annieshomegrown.ca\/fr\/?s={search_term_string}"},"query-input":{"@type":"PropertyValueSpecification","valueRequired":true,"valueName":"search_term_string"}}],"inLanguage":"fr-CA"}]}},"_links":{"self":[{"href":"https:\/\/www.annieshomegrown.ca\/fr\/wp-json\/wp\/v2\/pages\/149","targetHints":{"allow":["GET"]}}],"collection":[{"href":"https:\/\/www.annieshomegrown.ca\/fr\/wp-json\/wp\/v2\/pages"}],"about":[{"href":"https:\/\/www.annieshomegrown.ca\/fr\/wp-json\/wp\/v2\/types\/page"}],"author":[{"embeddable":true,"href":"https:\/\/www.annieshomegrown.ca\/fr\/wp-json\/wp\/v2\/users\/1"}],"replies":[{"embeddable":true,"href":"https:\/\/www.annieshomegrown.ca\/fr\/wp-json\/wp\/v2\/comments?post=149"}],"version-history":[{"count":0,"href":"https:\/\/www.annieshomegrown.ca\/fr\/wp-json\/wp\/v2\/pages\/149\/revisions"}],"wp:attachment":[{"href":"https:\/\/www.annieshomegrown.ca\/fr\/wp-json\/wp\/v2\/media?parent=149"}],"curies":[{"name":"wp","href":"https:\/\/api.w.org\/{rel}","templated":true}]}}