{"id":106,"date":"2021-05-18T08:57:22","date_gmt":"2021-05-18T08:57:22","guid":{"rendered":"https:\/\/www.annieshomegrown.ca\/fr\/?post_type=product&#038;p=106"},"modified":"2025-10-27T17:41:05","modified_gmt":"2025-10-27T17:41:05","slug":"spirales-au-buerre-et-au-parmesan","status":"publish","type":"product","link":"https:\/\/www.annieshomegrown.ca\/fr\/product\/spirales-au-buerre-et-au-parmesan\/","title":{"rendered":"Spirales avec beurre et parmesan Macaroni au fromage"},"content":{"rendered":"","protected":false},"excerpt":{"rendered":"","protected":false},"featured_media":28,"menu_order":0,"template":"","meta":{"_acf_changed":false},"product-category":[11,7],"class_list":["post-106","product","type-product","status-publish","has-post-thumbnail","hentry","product-category-macaroni-au-fromage","product-category-pates"],"acf":[],"yoast_head":"<!-- This site is optimized with the Yoast SEO plugin v27.3 - https:\/\/yoast.com\/product\/yoast-seo-wordpress\/ -->\n<title>Spirales au Beurre et au Parmesan | Annie\u2019s Homegrown<\/title>\n<meta name=\"description\" content=\"Les p\u00e2tes au beurre et au parmesan sont un classique pout toute la famille. Pr\u00e9parez ce mac &amp; cheese facile pour un plat simple et appr\u00e9ci\u00e9 de tous les \u00e2ges.\" \/>\n<meta name=\"robots\" content=\"index, follow, max-snippet:-1, max-image-preview:large, max-video-preview:-1\" \/>\n<link rel=\"canonical\" href=\"https:\/\/www.annieshomegrown.ca\/fr\/product\/spirales-au-buerre-et-au-parmesan\/\" \/>\n<meta property=\"og:locale\" content=\"fr_CA\" \/>\n<meta property=\"og:type\" content=\"article\" \/>\n<meta property=\"og:title\" content=\"Spirales au Beurre et au Parmesan | Annie\u2019s Homegrown\" \/>\n<meta property=\"og:description\" content=\"Les p\u00e2tes au beurre et au parmesan sont un classique pout toute la famille. Pr\u00e9parez ce mac &amp; cheese facile pour un plat simple et appr\u00e9ci\u00e9 de tous les \u00e2ges.\" \/>\n<meta property=\"og:url\" content=\"https:\/\/www.annieshomegrown.ca\/fr\/product\/spirales-au-buerre-et-au-parmesan\/\" \/>\n<meta property=\"og:site_name\" content=\"Annie&#039;s Homegrown Fran\u00e7ais\" \/>\n<meta property=\"article:modified_time\" content=\"2025-10-27T17:41:05+00:00\" \/>\n<meta property=\"og:image\" content=\"https:\/\/www.annieshomegrown.ca\/fr\/wp-content\/uploads\/sites\/5\/2021\/05\/Annies\u2122-Spirals-wth-Butter-Parmesan-Macaroni-and-Cheese.png\" \/>\n\t<meta property=\"og:image:width\" content=\"450\" \/>\n\t<meta property=\"og:image:height\" content=\"450\" \/>\n\t<meta property=\"og:image:type\" content=\"image\/png\" \/>\n<meta name=\"twitter:card\" content=\"summary_large_image\" \/>\n<meta name=\"twitter:label1\" content=\"Estimation du temps de lecture\" \/>\n\t<meta name=\"twitter:data1\" content=\"1 minute\" \/>\n<script type=\"application\/ld+json\" class=\"yoast-schema-graph\">{\"@context\":\"https:\\\/\\\/schema.org\",\"@graph\":[{\"@type\":\"WebPage\",\"@id\":\"https:\\\/\\\/www.annieshomegrown.ca\\\/fr\\\/product\\\/spirales-au-buerre-et-au-parmesan\\\/\",\"url\":\"https:\\\/\\\/www.annieshomegrown.ca\\\/fr\\\/product\\\/spirales-au-buerre-et-au-parmesan\\\/\",\"name\":\"Spirales au Beurre et au Parmesan | Annie\u2019s Homegrown\",\"isPartOf\":{\"@id\":\"https:\\\/\\\/www.annieshomegrown.ca\\\/fr\\\/#website\"},\"primaryImageOfPage\":{\"@id\":\"https:\\\/\\\/www.annieshomegrown.ca\\\/fr\\\/product\\\/spirales-au-buerre-et-au-parmesan\\\/#primaryimage\"},\"image\":{\"@id\":\"https:\\\/\\\/www.annieshomegrown.ca\\\/fr\\\/product\\\/spirales-au-buerre-et-au-parmesan\\\/#primaryimage\"},\"thumbnailUrl\":\"https:\\\/\\\/www.annieshomegrown.ca\\\/fr\\\/wp-content\\\/uploads\\\/sites\\\/5\\\/2021\\\/05\\\/Annies\u2122-Spirals-wth-Butter-Parmesan-Macaroni-and-Cheese.png\",\"datePublished\":\"2021-05-18T08:57:22+00:00\",\"dateModified\":\"2025-10-27T17:41:05+00:00\",\"description\":\"Les p\u00e2tes au beurre et au parmesan sont un classique pout toute la famille. Pr\u00e9parez ce mac & cheese facile pour un plat simple et appr\u00e9ci\u00e9 de tous les \u00e2ges.\",\"breadcrumb\":{\"@id\":\"https:\\\/\\\/www.annieshomegrown.ca\\\/fr\\\/product\\\/spirales-au-buerre-et-au-parmesan\\\/#breadcrumb\"},\"inLanguage\":\"fr-CA\",\"potentialAction\":[{\"@type\":\"ReadAction\",\"target\":[\"https:\\\/\\\/www.annieshomegrown.ca\\\/fr\\\/product\\\/spirales-au-buerre-et-au-parmesan\\\/\"]}]},{\"@type\":\"ImageObject\",\"inLanguage\":\"fr-CA\",\"@id\":\"https:\\\/\\\/www.annieshomegrown.ca\\\/fr\\\/product\\\/spirales-au-buerre-et-au-parmesan\\\/#primaryimage\",\"url\":\"https:\\\/\\\/www.annieshomegrown.ca\\\/fr\\\/wp-content\\\/uploads\\\/sites\\\/5\\\/2021\\\/05\\\/Annies\u2122-Spirals-wth-Butter-Parmesan-Macaroni-and-Cheese.png\",\"contentUrl\":\"https:\\\/\\\/www.annieshomegrown.ca\\\/fr\\\/wp-content\\\/uploads\\\/sites\\\/5\\\/2021\\\/05\\\/Annies\u2122-Spirals-wth-Butter-Parmesan-Macaroni-and-Cheese.png\",\"width\":450,\"height\":450,\"caption\":\"Annie's\u2122 Spirals with Butter & Parmesan Macaroni and Cheese\"},{\"@type\":\"BreadcrumbList\",\"@id\":\"https:\\\/\\\/www.annieshomegrown.ca\\\/fr\\\/product\\\/spirales-au-buerre-et-au-parmesan\\\/#breadcrumb\",\"itemListElement\":[{\"@type\":\"ListItem\",\"position\":1,\"name\":\"Home\",\"item\":\"https:\\\/\\\/www.annieshomegrown.ca\\\/fr\\\/\"},{\"@type\":\"ListItem\",\"position\":2,\"name\":\"Spirales avec beurre et parmesan Macaroni au fromage\"}]},{\"@type\":\"WebSite\",\"@id\":\"https:\\\/\\\/www.annieshomegrown.ca\\\/fr\\\/#website\",\"url\":\"https:\\\/\\\/www.annieshomegrown.ca\\\/fr\\\/\",\"name\":\"Annie&#039;s Homegrown Fran\u00e7ais\",\"description\":\"Annie&#039;s fabrique des aliments d\u00e9licieux et nourrissants qui sont \u00e9galement bons pour la plan\u00e8te.\",\"potentialAction\":[{\"@type\":\"SearchAction\",\"target\":{\"@type\":\"EntryPoint\",\"urlTemplate\":\"https:\\\/\\\/www.annieshomegrown.ca\\\/fr\\\/?s={search_term_string}\"},\"query-input\":{\"@type\":\"PropertyValueSpecification\",\"valueRequired\":true,\"valueName\":\"search_term_string\"}}],\"inLanguage\":\"fr-CA\"}]}<\/script>\n<!-- \/ Yoast SEO plugin. -->","yoast_head_json":{"title":"Spirales au Beurre et au Parmesan | Annie\u2019s Homegrown","description":"Les p\u00e2tes au beurre et au parmesan sont un classique pout toute la famille. Pr\u00e9parez ce mac & cheese facile pour un plat simple et appr\u00e9ci\u00e9 de tous les \u00e2ges.","robots":{"index":"index","follow":"follow","max-snippet":"max-snippet:-1","max-image-preview":"max-image-preview:large","max-video-preview":"max-video-preview:-1"},"canonical":"https:\/\/www.annieshomegrown.ca\/fr\/product\/spirales-au-buerre-et-au-parmesan\/","og_locale":"fr_CA","og_type":"article","og_title":"Spirales au Beurre et au Parmesan | Annie\u2019s Homegrown","og_description":"Les p\u00e2tes au beurre et au parmesan sont un classique pout toute la famille. Pr\u00e9parez ce mac & cheese facile pour un plat simple et appr\u00e9ci\u00e9 de tous les \u00e2ges.","og_url":"https:\/\/www.annieshomegrown.ca\/fr\/product\/spirales-au-buerre-et-au-parmesan\/","og_site_name":"Annie&#039;s Homegrown Fran\u00e7ais","article_modified_time":"2025-10-27T17:41:05+00:00","og_image":[{"width":450,"height":450,"url":"https:\/\/www.annieshomegrown.ca\/fr\/wp-content\/uploads\/sites\/5\/2021\/05\/Annies\u2122-Spirals-wth-Butter-Parmesan-Macaroni-and-Cheese.png","type":"image\/png"}],"twitter_card":"summary_large_image","twitter_misc":{"Estimation du temps de lecture":"1 minute"},"schema":{"@context":"https:\/\/schema.org","@graph":[{"@type":"WebPage","@id":"https:\/\/www.annieshomegrown.ca\/fr\/product\/spirales-au-buerre-et-au-parmesan\/","url":"https:\/\/www.annieshomegrown.ca\/fr\/product\/spirales-au-buerre-et-au-parmesan\/","name":"Spirales au Beurre et au Parmesan | Annie\u2019s Homegrown","isPartOf":{"@id":"https:\/\/www.annieshomegrown.ca\/fr\/#website"},"primaryImageOfPage":{"@id":"https:\/\/www.annieshomegrown.ca\/fr\/product\/spirales-au-buerre-et-au-parmesan\/#primaryimage"},"image":{"@id":"https:\/\/www.annieshomegrown.ca\/fr\/product\/spirales-au-buerre-et-au-parmesan\/#primaryimage"},"thumbnailUrl":"https:\/\/www.annieshomegrown.ca\/fr\/wp-content\/uploads\/sites\/5\/2021\/05\/Annies\u2122-Spirals-wth-Butter-Parmesan-Macaroni-and-Cheese.png","datePublished":"2021-05-18T08:57:22+00:00","dateModified":"2025-10-27T17:41:05+00:00","description":"Les p\u00e2tes au beurre et au parmesan sont un classique pout toute la famille. Pr\u00e9parez ce mac & cheese facile pour un plat simple et appr\u00e9ci\u00e9 de tous les \u00e2ges.","breadcrumb":{"@id":"https:\/\/www.annieshomegrown.ca\/fr\/product\/spirales-au-buerre-et-au-parmesan\/#breadcrumb"},"inLanguage":"fr-CA","potentialAction":[{"@type":"ReadAction","target":["https:\/\/www.annieshomegrown.ca\/fr\/product\/spirales-au-buerre-et-au-parmesan\/"]}]},{"@type":"ImageObject","inLanguage":"fr-CA","@id":"https:\/\/www.annieshomegrown.ca\/fr\/product\/spirales-au-buerre-et-au-parmesan\/#primaryimage","url":"https:\/\/www.annieshomegrown.ca\/fr\/wp-content\/uploads\/sites\/5\/2021\/05\/Annies\u2122-Spirals-wth-Butter-Parmesan-Macaroni-and-Cheese.png","contentUrl":"https:\/\/www.annieshomegrown.ca\/fr\/wp-content\/uploads\/sites\/5\/2021\/05\/Annies\u2122-Spirals-wth-Butter-Parmesan-Macaroni-and-Cheese.png","width":450,"height":450,"caption":"Annie's\u2122 Spirals with Butter & Parmesan Macaroni and Cheese"},{"@type":"BreadcrumbList","@id":"https:\/\/www.annieshomegrown.ca\/fr\/product\/spirales-au-buerre-et-au-parmesan\/#breadcrumb","itemListElement":[{"@type":"ListItem","position":1,"name":"Home","item":"https:\/\/www.annieshomegrown.ca\/fr\/"},{"@type":"ListItem","position":2,"name":"Spirales avec beurre et parmesan Macaroni au fromage"}]},{"@type":"WebSite","@id":"https:\/\/www.annieshomegrown.ca\/fr\/#website","url":"https:\/\/www.annieshomegrown.ca\/fr\/","name":"Annie&#039;s Homegrown Fran\u00e7ais","description":"Annie&#039;s fabrique des aliments d\u00e9licieux et nourrissants qui sont \u00e9galement bons pour la plan\u00e8te.","potentialAction":[{"@type":"SearchAction","target":{"@type":"EntryPoint","urlTemplate":"https:\/\/www.annieshomegrown.ca\/fr\/?s={search_term_string}"},"query-input":{"@type":"PropertyValueSpecification","valueRequired":true,"valueName":"search_term_string"}}],"inLanguage":"fr-CA"}]}},"_links":{"self":[{"href":"https:\/\/www.annieshomegrown.ca\/fr\/wp-json\/wp\/v2\/product\/106","targetHints":{"allow":["GET"]}}],"collection":[{"href":"https:\/\/www.annieshomegrown.ca\/fr\/wp-json\/wp\/v2\/product"}],"about":[{"href":"https:\/\/www.annieshomegrown.ca\/fr\/wp-json\/wp\/v2\/types\/product"}],"wp:featuredmedia":[{"embeddable":true,"href":"https:\/\/www.annieshomegrown.ca\/fr\/wp-json\/wp\/v2\/media\/28"}],"wp:attachment":[{"href":"https:\/\/www.annieshomegrown.ca\/fr\/wp-json\/wp\/v2\/media?parent=106"}],"wp:term":[{"taxonomy":"product-category","embeddable":true,"href":"https:\/\/www.annieshomegrown.ca\/fr\/wp-json\/wp\/v2\/product-category?post=106"}],"curies":[{"name":"wp","href":"https:\/\/api.w.org\/{rel}","templated":true}]}}