{"id":114,"date":"2021-05-18T12:34:28","date_gmt":"2021-05-18T12:34:28","guid":{"rendered":"https:\/\/www.annieshomegrown.ca\/fr\/?post_type=product&#038;p=114"},"modified":"2025-08-25T18:57:58","modified_gmt":"2025-08-25T18:57:58","slug":"sans-gluten-bol-de-pates-de-riz-et-cheddar-au-four","status":"publish","type":"product","link":"https:\/\/www.annieshomegrown.ca\/fr\/product\/sans-gluten-bol-de-pates-de-riz-et-cheddar-au-four\/","title":{"rendered":"Sans Gluten Bol de P\u00e2tes de Riz et Cheddar au four"},"content":{"rendered":"","protected":false},"excerpt":{"rendered":"","protected":false},"featured_media":35,"menu_order":0,"template":"","meta":{"_acf_changed":false},"product-category":[12,13,7,10],"class_list":["post-114","product","type-product","status-publish","has-post-thumbnail","hentry","product-category-macaroni-au-fromage-sans-gluten","product-category-macaroni-pour-micro-ondes","product-category-pates","product-category-regimes-alimentaires-particuliers"],"acf":[],"yoast_head":"<!-- This site is optimized with the Yoast SEO plugin v27.1.1 - https:\/\/yoast.com\/product\/yoast-seo-wordpress\/ -->\n<title>Mac &amp; Cheese Sans Gluten au Microonde | Annie\u2019s Homegrown<\/title>\n<meta name=\"description\" content=\"Essayez nos cups P\u00e2tes de Riz &amp; Cheddar sans gluten d\u2019Annie saveur mac &amp; cheese ! Il suffit d&#039;ajouter de l&#039;eau, et de chauffer au micro-ondes 2:15 minutes.\" \/>\n<meta name=\"robots\" content=\"index, follow, max-snippet:-1, max-image-preview:large, max-video-preview:-1\" \/>\n<link rel=\"canonical\" href=\"https:\/\/www.annieshomegrown.ca\/fr\/product\/sans-gluten-bol-de-pates-de-riz-et-cheddar-au-four\/\" \/>\n<meta property=\"og:locale\" content=\"fr_CA\" \/>\n<meta property=\"og:type\" content=\"article\" \/>\n<meta property=\"og:title\" content=\"Mac &amp; Cheese Sans Gluten au Microonde | Annie\u2019s Homegrown\" \/>\n<meta property=\"og:description\" content=\"Essayez nos cups P\u00e2tes de Riz &amp; Cheddar sans gluten d\u2019Annie saveur mac &amp; cheese ! Il suffit d&#039;ajouter de l&#039;eau, et de chauffer au micro-ondes 2:15 minutes.\" \/>\n<meta property=\"og:url\" content=\"https:\/\/www.annieshomegrown.ca\/fr\/product\/sans-gluten-bol-de-pates-de-riz-et-cheddar-au-four\/\" \/>\n<meta property=\"og:site_name\" content=\"Annie&#039;s Homegrown Fran\u00e7ais\" \/>\n<meta property=\"article:modified_time\" content=\"2025-08-25T18:57:58+00:00\" \/>\n<meta property=\"og:image\" content=\"https:\/\/www.annieshomegrown.ca\/fr\/wp-content\/uploads\/sites\/5\/2021\/05\/Annies-\u2122-Gluten-Free-Rice-Pasta-Cheddar-Macaroni-Cheese-CUP.png\" \/>\n\t<meta property=\"og:image:width\" content=\"450\" \/>\n\t<meta property=\"og:image:height\" content=\"450\" \/>\n\t<meta property=\"og:image:type\" content=\"image\/png\" \/>\n<meta name=\"twitter:card\" content=\"summary_large_image\" \/>\n<meta name=\"twitter:label1\" content=\"Estimation du temps de lecture\" \/>\n\t<meta name=\"twitter:data1\" content=\"1 minute\" \/>\n<script type=\"application\/ld+json\" class=\"yoast-schema-graph\">{\"@context\":\"https:\/\/schema.org\",\"@graph\":[{\"@type\":\"WebPage\",\"@id\":\"https:\/\/www.annieshomegrown.ca\/fr\/product\/sans-gluten-bol-de-pates-de-riz-et-cheddar-au-four\/\",\"url\":\"https:\/\/www.annieshomegrown.ca\/fr\/product\/sans-gluten-bol-de-pates-de-riz-et-cheddar-au-four\/\",\"name\":\"Mac & Cheese Sans Gluten au Microonde | Annie\u2019s Homegrown\",\"isPartOf\":{\"@id\":\"https:\/\/www.annieshomegrown.ca\/fr\/#website\"},\"primaryImageOfPage\":{\"@id\":\"https:\/\/www.annieshomegrown.ca\/fr\/product\/sans-gluten-bol-de-pates-de-riz-et-cheddar-au-four\/#primaryimage\"},\"image\":{\"@id\":\"https:\/\/www.annieshomegrown.ca\/fr\/product\/sans-gluten-bol-de-pates-de-riz-et-cheddar-au-four\/#primaryimage\"},\"thumbnailUrl\":\"https:\/\/www.annieshomegrown.ca\/fr\/wp-content\/uploads\/sites\/5\/2021\/05\/Annies-\u2122-Gluten-Free-Rice-Pasta-Cheddar-Macaroni-Cheese-CUP.png\",\"datePublished\":\"2021-05-18T12:34:28+00:00\",\"dateModified\":\"2025-08-25T18:57:58+00:00\",\"description\":\"Essayez nos cups P\u00e2tes de Riz & Cheddar sans gluten d\u2019Annie saveur mac & cheese ! Il suffit d'ajouter de l'eau, et de chauffer au micro-ondes 2:15 minutes.\",\"breadcrumb\":{\"@id\":\"https:\/\/www.annieshomegrown.ca\/fr\/product\/sans-gluten-bol-de-pates-de-riz-et-cheddar-au-four\/#breadcrumb\"},\"inLanguage\":\"fr-CA\",\"potentialAction\":[{\"@type\":\"ReadAction\",\"target\":[\"https:\/\/www.annieshomegrown.ca\/fr\/product\/sans-gluten-bol-de-pates-de-riz-et-cheddar-au-four\/\"]}]},{\"@type\":\"ImageObject\",\"inLanguage\":\"fr-CA\",\"@id\":\"https:\/\/www.annieshomegrown.ca\/fr\/product\/sans-gluten-bol-de-pates-de-riz-et-cheddar-au-four\/#primaryimage\",\"url\":\"https:\/\/www.annieshomegrown.ca\/fr\/wp-content\/uploads\/sites\/5\/2021\/05\/Annies-\u2122-Gluten-Free-Rice-Pasta-Cheddar-Macaroni-Cheese-CUP.png\",\"contentUrl\":\"https:\/\/www.annieshomegrown.ca\/fr\/wp-content\/uploads\/sites\/5\/2021\/05\/Annies-\u2122-Gluten-Free-Rice-Pasta-Cheddar-Macaroni-Cheese-CUP.png\",\"width\":450,\"height\":450,\"caption\":\"Annie's \u2122 Gluten Free Rice Pasta & Cheddar Macaroni & Cheese\"},{\"@type\":\"BreadcrumbList\",\"@id\":\"https:\/\/www.annieshomegrown.ca\/fr\/product\/sans-gluten-bol-de-pates-de-riz-et-cheddar-au-four\/#breadcrumb\",\"itemListElement\":[{\"@type\":\"ListItem\",\"position\":1,\"name\":\"Home\",\"item\":\"https:\/\/www.annieshomegrown.ca\/fr\/\"},{\"@type\":\"ListItem\",\"position\":2,\"name\":\"Sans Gluten Bol de P\u00e2tes de Riz et Cheddar au four\"}]},{\"@type\":\"WebSite\",\"@id\":\"https:\/\/www.annieshomegrown.ca\/fr\/#website\",\"url\":\"https:\/\/www.annieshomegrown.ca\/fr\/\",\"name\":\"Annie&#039;s Homegrown Fran\u00e7ais\",\"description\":\"Annie&#039;s fabrique des aliments d\u00e9licieux et nourrissants qui sont \u00e9galement bons pour la plan\u00e8te.\",\"potentialAction\":[{\"@type\":\"SearchAction\",\"target\":{\"@type\":\"EntryPoint\",\"urlTemplate\":\"https:\/\/www.annieshomegrown.ca\/fr\/?s={search_term_string}\"},\"query-input\":{\"@type\":\"PropertyValueSpecification\",\"valueRequired\":true,\"valueName\":\"search_term_string\"}}],\"inLanguage\":\"fr-CA\"}]}<\/script>\n<!-- \/ Yoast SEO plugin. -->","yoast_head_json":{"title":"Mac & Cheese Sans Gluten au Microonde | Annie\u2019s Homegrown","description":"Essayez nos cups P\u00e2tes de Riz & Cheddar sans gluten d\u2019Annie saveur mac & cheese ! Il suffit d'ajouter de l'eau, et de chauffer au micro-ondes 2:15 minutes.","robots":{"index":"index","follow":"follow","max-snippet":"max-snippet:-1","max-image-preview":"max-image-preview:large","max-video-preview":"max-video-preview:-1"},"canonical":"https:\/\/www.annieshomegrown.ca\/fr\/product\/sans-gluten-bol-de-pates-de-riz-et-cheddar-au-four\/","og_locale":"fr_CA","og_type":"article","og_title":"Mac & Cheese Sans Gluten au Microonde | Annie\u2019s Homegrown","og_description":"Essayez nos cups P\u00e2tes de Riz & Cheddar sans gluten d\u2019Annie saveur mac & cheese ! Il suffit d'ajouter de l'eau, et de chauffer au micro-ondes 2:15 minutes.","og_url":"https:\/\/www.annieshomegrown.ca\/fr\/product\/sans-gluten-bol-de-pates-de-riz-et-cheddar-au-four\/","og_site_name":"Annie&#039;s Homegrown Fran\u00e7ais","article_modified_time":"2025-08-25T18:57:58+00:00","og_image":[{"width":450,"height":450,"url":"https:\/\/www.annieshomegrown.ca\/fr\/wp-content\/uploads\/sites\/5\/2021\/05\/Annies-\u2122-Gluten-Free-Rice-Pasta-Cheddar-Macaroni-Cheese-CUP.png","type":"image\/png"}],"twitter_card":"summary_large_image","twitter_misc":{"Estimation du temps de lecture":"1 minute"},"schema":{"@context":"https:\/\/schema.org","@graph":[{"@type":"WebPage","@id":"https:\/\/www.annieshomegrown.ca\/fr\/product\/sans-gluten-bol-de-pates-de-riz-et-cheddar-au-four\/","url":"https:\/\/www.annieshomegrown.ca\/fr\/product\/sans-gluten-bol-de-pates-de-riz-et-cheddar-au-four\/","name":"Mac & Cheese Sans Gluten au Microonde | Annie\u2019s Homegrown","isPartOf":{"@id":"https:\/\/www.annieshomegrown.ca\/fr\/#website"},"primaryImageOfPage":{"@id":"https:\/\/www.annieshomegrown.ca\/fr\/product\/sans-gluten-bol-de-pates-de-riz-et-cheddar-au-four\/#primaryimage"},"image":{"@id":"https:\/\/www.annieshomegrown.ca\/fr\/product\/sans-gluten-bol-de-pates-de-riz-et-cheddar-au-four\/#primaryimage"},"thumbnailUrl":"https:\/\/www.annieshomegrown.ca\/fr\/wp-content\/uploads\/sites\/5\/2021\/05\/Annies-\u2122-Gluten-Free-Rice-Pasta-Cheddar-Macaroni-Cheese-CUP.png","datePublished":"2021-05-18T12:34:28+00:00","dateModified":"2025-08-25T18:57:58+00:00","description":"Essayez nos cups P\u00e2tes de Riz & Cheddar sans gluten d\u2019Annie saveur mac & cheese ! Il suffit d'ajouter de l'eau, et de chauffer au micro-ondes 2:15 minutes.","breadcrumb":{"@id":"https:\/\/www.annieshomegrown.ca\/fr\/product\/sans-gluten-bol-de-pates-de-riz-et-cheddar-au-four\/#breadcrumb"},"inLanguage":"fr-CA","potentialAction":[{"@type":"ReadAction","target":["https:\/\/www.annieshomegrown.ca\/fr\/product\/sans-gluten-bol-de-pates-de-riz-et-cheddar-au-four\/"]}]},{"@type":"ImageObject","inLanguage":"fr-CA","@id":"https:\/\/www.annieshomegrown.ca\/fr\/product\/sans-gluten-bol-de-pates-de-riz-et-cheddar-au-four\/#primaryimage","url":"https:\/\/www.annieshomegrown.ca\/fr\/wp-content\/uploads\/sites\/5\/2021\/05\/Annies-\u2122-Gluten-Free-Rice-Pasta-Cheddar-Macaroni-Cheese-CUP.png","contentUrl":"https:\/\/www.annieshomegrown.ca\/fr\/wp-content\/uploads\/sites\/5\/2021\/05\/Annies-\u2122-Gluten-Free-Rice-Pasta-Cheddar-Macaroni-Cheese-CUP.png","width":450,"height":450,"caption":"Annie's \u2122 Gluten Free Rice Pasta & Cheddar Macaroni & Cheese"},{"@type":"BreadcrumbList","@id":"https:\/\/www.annieshomegrown.ca\/fr\/product\/sans-gluten-bol-de-pates-de-riz-et-cheddar-au-four\/#breadcrumb","itemListElement":[{"@type":"ListItem","position":1,"name":"Home","item":"https:\/\/www.annieshomegrown.ca\/fr\/"},{"@type":"ListItem","position":2,"name":"Sans Gluten Bol de P\u00e2tes de Riz et Cheddar au four"}]},{"@type":"WebSite","@id":"https:\/\/www.annieshomegrown.ca\/fr\/#website","url":"https:\/\/www.annieshomegrown.ca\/fr\/","name":"Annie&#039;s Homegrown Fran\u00e7ais","description":"Annie&#039;s fabrique des aliments d\u00e9licieux et nourrissants qui sont \u00e9galement bons pour la plan\u00e8te.","potentialAction":[{"@type":"SearchAction","target":{"@type":"EntryPoint","urlTemplate":"https:\/\/www.annieshomegrown.ca\/fr\/?s={search_term_string}"},"query-input":{"@type":"PropertyValueSpecification","valueRequired":true,"valueName":"search_term_string"}}],"inLanguage":"fr-CA"}]}},"_links":{"self":[{"href":"https:\/\/www.annieshomegrown.ca\/fr\/wp-json\/wp\/v2\/product\/114","targetHints":{"allow":["GET"]}}],"collection":[{"href":"https:\/\/www.annieshomegrown.ca\/fr\/wp-json\/wp\/v2\/product"}],"about":[{"href":"https:\/\/www.annieshomegrown.ca\/fr\/wp-json\/wp\/v2\/types\/product"}],"wp:featuredmedia":[{"embeddable":true,"href":"https:\/\/www.annieshomegrown.ca\/fr\/wp-json\/wp\/v2\/media\/35"}],"wp:attachment":[{"href":"https:\/\/www.annieshomegrown.ca\/fr\/wp-json\/wp\/v2\/media?parent=114"}],"wp:term":[{"taxonomy":"product-category","embeddable":true,"href":"https:\/\/www.annieshomegrown.ca\/fr\/wp-json\/wp\/v2\/product-category?post=114"}],"curies":[{"name":"wp","href":"https:\/\/api.w.org\/{rel}","templated":true}]}}