{"id":118,"date":"2021-05-18T21:59:47","date_gmt":"2021-05-18T21:59:47","guid":{"rendered":"https:\/\/www.annieshomegrown.ca\/fr\/?post_type=product&#038;p=118"},"modified":"2025-10-27T18:27:21","modified_gmt":"2025-10-27T18:27:21","slug":"coquilles-et-cheddar-blanc-macaroni-et-fromage","status":"publish","type":"product","link":"https:\/\/www.annieshomegrown.ca\/fr\/product\/coquilles-et-cheddar-blanc-macaroni-et-fromage\/","title":{"rendered":"Coquilles Et Cheddar Blanc Macaroni Et Fromage"},"content":{"rendered":"","protected":false},"excerpt":{"rendered":"","protected":false},"featured_media":50,"menu_order":0,"template":"","meta":{"_acf_changed":false},"product-category":[11,7],"class_list":["post-118","product","type-product","status-publish","has-post-thumbnail","hentry","product-category-macaroni-au-fromage","product-category-pates"],"acf":[],"yoast_head":"<!-- This site is optimized with the Yoast SEO plugin v27.3 - https:\/\/yoast.com\/product\/yoast-seo-wordpress\/ -->\n<title>Coquilles au Cheddar Blanc | 4 Bo\u00eetes | Annie&#039;s Homegrown<\/title>\n<meta name=\"description\" content=\"Cr\u00e9\u00e9 en 1989, les coquilles au cheddar blanc d\u2019Annie sont notre produit original et le plus vendu. Achetez un paquet de 4 pour ne jamais en manquer !\" \/>\n<meta name=\"robots\" content=\"index, follow, max-snippet:-1, max-image-preview:large, max-video-preview:-1\" \/>\n<link rel=\"canonical\" href=\"https:\/\/www.annieshomegrown.ca\/fr\/product\/coquilles-et-cheddar-blanc-macaroni-et-fromage\/\" \/>\n<meta property=\"og:locale\" content=\"fr_CA\" \/>\n<meta property=\"og:type\" content=\"article\" \/>\n<meta property=\"og:title\" content=\"Coquilles au Cheddar Blanc | 4 Bo\u00eetes | Annie&#039;s Homegrown\" \/>\n<meta property=\"og:description\" content=\"Cr\u00e9\u00e9 en 1989, les coquilles au cheddar blanc d\u2019Annie sont notre produit original et le plus vendu. Achetez un paquet de 4 pour ne jamais en manquer !\" \/>\n<meta property=\"og:url\" content=\"https:\/\/www.annieshomegrown.ca\/fr\/product\/coquilles-et-cheddar-blanc-macaroni-et-fromage\/\" \/>\n<meta property=\"og:site_name\" content=\"Annie&#039;s Homegrown Fran\u00e7ais\" \/>\n<meta property=\"article:modified_time\" content=\"2025-10-27T18:27:21+00:00\" \/>\n<meta property=\"og:image\" content=\"https:\/\/www.annieshomegrown.ca\/fr\/wp-content\/uploads\/sites\/5\/2021\/05\/Annies-\u2122-Shells-White-Cheddar-Macaroni-Cheese.png\" \/>\n\t<meta property=\"og:image:width\" content=\"450\" \/>\n\t<meta property=\"og:image:height\" content=\"450\" \/>\n\t<meta property=\"og:image:type\" content=\"image\/png\" \/>\n<meta name=\"twitter:card\" content=\"summary_large_image\" \/>\n<meta name=\"twitter:label1\" content=\"Estimation du temps de lecture\" \/>\n\t<meta name=\"twitter:data1\" content=\"1 minute\" \/>\n<script type=\"application\/ld+json\" class=\"yoast-schema-graph\">{\"@context\":\"https:\\\/\\\/schema.org\",\"@graph\":[{\"@type\":\"WebPage\",\"@id\":\"https:\\\/\\\/www.annieshomegrown.ca\\\/fr\\\/product\\\/coquilles-et-cheddar-blanc-macaroni-et-fromage\\\/\",\"url\":\"https:\\\/\\\/www.annieshomegrown.ca\\\/fr\\\/product\\\/coquilles-et-cheddar-blanc-macaroni-et-fromage\\\/\",\"name\":\"Coquilles au Cheddar Blanc | 4 Bo\u00eetes | Annie's Homegrown\",\"isPartOf\":{\"@id\":\"https:\\\/\\\/www.annieshomegrown.ca\\\/fr\\\/#website\"},\"primaryImageOfPage\":{\"@id\":\"https:\\\/\\\/www.annieshomegrown.ca\\\/fr\\\/product\\\/coquilles-et-cheddar-blanc-macaroni-et-fromage\\\/#primaryimage\"},\"image\":{\"@id\":\"https:\\\/\\\/www.annieshomegrown.ca\\\/fr\\\/product\\\/coquilles-et-cheddar-blanc-macaroni-et-fromage\\\/#primaryimage\"},\"thumbnailUrl\":\"https:\\\/\\\/www.annieshomegrown.ca\\\/fr\\\/wp-content\\\/uploads\\\/sites\\\/5\\\/2021\\\/05\\\/Annies-\u2122-Shells-White-Cheddar-Macaroni-Cheese.png\",\"datePublished\":\"2021-05-18T21:59:47+00:00\",\"dateModified\":\"2025-10-27T18:27:21+00:00\",\"description\":\"Cr\u00e9\u00e9 en 1989, les coquilles au cheddar blanc d\u2019Annie sont notre produit original et le plus vendu. Achetez un paquet de 4 pour ne jamais en manquer !\",\"breadcrumb\":{\"@id\":\"https:\\\/\\\/www.annieshomegrown.ca\\\/fr\\\/product\\\/coquilles-et-cheddar-blanc-macaroni-et-fromage\\\/#breadcrumb\"},\"inLanguage\":\"fr-CA\",\"potentialAction\":[{\"@type\":\"ReadAction\",\"target\":[\"https:\\\/\\\/www.annieshomegrown.ca\\\/fr\\\/product\\\/coquilles-et-cheddar-blanc-macaroni-et-fromage\\\/\"]}]},{\"@type\":\"ImageObject\",\"inLanguage\":\"fr-CA\",\"@id\":\"https:\\\/\\\/www.annieshomegrown.ca\\\/fr\\\/product\\\/coquilles-et-cheddar-blanc-macaroni-et-fromage\\\/#primaryimage\",\"url\":\"https:\\\/\\\/www.annieshomegrown.ca\\\/fr\\\/wp-content\\\/uploads\\\/sites\\\/5\\\/2021\\\/05\\\/Annies-\u2122-Shells-White-Cheddar-Macaroni-Cheese.png\",\"contentUrl\":\"https:\\\/\\\/www.annieshomegrown.ca\\\/fr\\\/wp-content\\\/uploads\\\/sites\\\/5\\\/2021\\\/05\\\/Annies-\u2122-Shells-White-Cheddar-Macaroni-Cheese.png\",\"width\":450,\"height\":450,\"caption\":\"Annie's \u2122 Shells & White Cheddar Macaroni & Cheese\"},{\"@type\":\"BreadcrumbList\",\"@id\":\"https:\\\/\\\/www.annieshomegrown.ca\\\/fr\\\/product\\\/coquilles-et-cheddar-blanc-macaroni-et-fromage\\\/#breadcrumb\",\"itemListElement\":[{\"@type\":\"ListItem\",\"position\":1,\"name\":\"Home\",\"item\":\"https:\\\/\\\/www.annieshomegrown.ca\\\/fr\\\/\"},{\"@type\":\"ListItem\",\"position\":2,\"name\":\"Coquilles Et Cheddar Blanc Macaroni Et Fromage\"}]},{\"@type\":\"WebSite\",\"@id\":\"https:\\\/\\\/www.annieshomegrown.ca\\\/fr\\\/#website\",\"url\":\"https:\\\/\\\/www.annieshomegrown.ca\\\/fr\\\/\",\"name\":\"Annie&#039;s Homegrown Fran\u00e7ais\",\"description\":\"Annie&#039;s fabrique des aliments d\u00e9licieux et nourrissants qui sont \u00e9galement bons pour la plan\u00e8te.\",\"potentialAction\":[{\"@type\":\"SearchAction\",\"target\":{\"@type\":\"EntryPoint\",\"urlTemplate\":\"https:\\\/\\\/www.annieshomegrown.ca\\\/fr\\\/?s={search_term_string}\"},\"query-input\":{\"@type\":\"PropertyValueSpecification\",\"valueRequired\":true,\"valueName\":\"search_term_string\"}}],\"inLanguage\":\"fr-CA\"}]}<\/script>\n<!-- \/ Yoast SEO plugin. -->","yoast_head_json":{"title":"Coquilles au Cheddar Blanc | 4 Bo\u00eetes | Annie's Homegrown","description":"Cr\u00e9\u00e9 en 1989, les coquilles au cheddar blanc d\u2019Annie sont notre produit original et le plus vendu. Achetez un paquet de 4 pour ne jamais en manquer !","robots":{"index":"index","follow":"follow","max-snippet":"max-snippet:-1","max-image-preview":"max-image-preview:large","max-video-preview":"max-video-preview:-1"},"canonical":"https:\/\/www.annieshomegrown.ca\/fr\/product\/coquilles-et-cheddar-blanc-macaroni-et-fromage\/","og_locale":"fr_CA","og_type":"article","og_title":"Coquilles au Cheddar Blanc | 4 Bo\u00eetes | Annie's Homegrown","og_description":"Cr\u00e9\u00e9 en 1989, les coquilles au cheddar blanc d\u2019Annie sont notre produit original et le plus vendu. Achetez un paquet de 4 pour ne jamais en manquer !","og_url":"https:\/\/www.annieshomegrown.ca\/fr\/product\/coquilles-et-cheddar-blanc-macaroni-et-fromage\/","og_site_name":"Annie&#039;s Homegrown Fran\u00e7ais","article_modified_time":"2025-10-27T18:27:21+00:00","og_image":[{"width":450,"height":450,"url":"https:\/\/www.annieshomegrown.ca\/fr\/wp-content\/uploads\/sites\/5\/2021\/05\/Annies-\u2122-Shells-White-Cheddar-Macaroni-Cheese.png","type":"image\/png"}],"twitter_card":"summary_large_image","twitter_misc":{"Estimation du temps de lecture":"1 minute"},"schema":{"@context":"https:\/\/schema.org","@graph":[{"@type":"WebPage","@id":"https:\/\/www.annieshomegrown.ca\/fr\/product\/coquilles-et-cheddar-blanc-macaroni-et-fromage\/","url":"https:\/\/www.annieshomegrown.ca\/fr\/product\/coquilles-et-cheddar-blanc-macaroni-et-fromage\/","name":"Coquilles au Cheddar Blanc | 4 Bo\u00eetes | Annie's Homegrown","isPartOf":{"@id":"https:\/\/www.annieshomegrown.ca\/fr\/#website"},"primaryImageOfPage":{"@id":"https:\/\/www.annieshomegrown.ca\/fr\/product\/coquilles-et-cheddar-blanc-macaroni-et-fromage\/#primaryimage"},"image":{"@id":"https:\/\/www.annieshomegrown.ca\/fr\/product\/coquilles-et-cheddar-blanc-macaroni-et-fromage\/#primaryimage"},"thumbnailUrl":"https:\/\/www.annieshomegrown.ca\/fr\/wp-content\/uploads\/sites\/5\/2021\/05\/Annies-\u2122-Shells-White-Cheddar-Macaroni-Cheese.png","datePublished":"2021-05-18T21:59:47+00:00","dateModified":"2025-10-27T18:27:21+00:00","description":"Cr\u00e9\u00e9 en 1989, les coquilles au cheddar blanc d\u2019Annie sont notre produit original et le plus vendu. Achetez un paquet de 4 pour ne jamais en manquer !","breadcrumb":{"@id":"https:\/\/www.annieshomegrown.ca\/fr\/product\/coquilles-et-cheddar-blanc-macaroni-et-fromage\/#breadcrumb"},"inLanguage":"fr-CA","potentialAction":[{"@type":"ReadAction","target":["https:\/\/www.annieshomegrown.ca\/fr\/product\/coquilles-et-cheddar-blanc-macaroni-et-fromage\/"]}]},{"@type":"ImageObject","inLanguage":"fr-CA","@id":"https:\/\/www.annieshomegrown.ca\/fr\/product\/coquilles-et-cheddar-blanc-macaroni-et-fromage\/#primaryimage","url":"https:\/\/www.annieshomegrown.ca\/fr\/wp-content\/uploads\/sites\/5\/2021\/05\/Annies-\u2122-Shells-White-Cheddar-Macaroni-Cheese.png","contentUrl":"https:\/\/www.annieshomegrown.ca\/fr\/wp-content\/uploads\/sites\/5\/2021\/05\/Annies-\u2122-Shells-White-Cheddar-Macaroni-Cheese.png","width":450,"height":450,"caption":"Annie's \u2122 Shells & White Cheddar Macaroni & Cheese"},{"@type":"BreadcrumbList","@id":"https:\/\/www.annieshomegrown.ca\/fr\/product\/coquilles-et-cheddar-blanc-macaroni-et-fromage\/#breadcrumb","itemListElement":[{"@type":"ListItem","position":1,"name":"Home","item":"https:\/\/www.annieshomegrown.ca\/fr\/"},{"@type":"ListItem","position":2,"name":"Coquilles Et Cheddar Blanc Macaroni Et Fromage"}]},{"@type":"WebSite","@id":"https:\/\/www.annieshomegrown.ca\/fr\/#website","url":"https:\/\/www.annieshomegrown.ca\/fr\/","name":"Annie&#039;s Homegrown Fran\u00e7ais","description":"Annie&#039;s fabrique des aliments d\u00e9licieux et nourrissants qui sont \u00e9galement bons pour la plan\u00e8te.","potentialAction":[{"@type":"SearchAction","target":{"@type":"EntryPoint","urlTemplate":"https:\/\/www.annieshomegrown.ca\/fr\/?s={search_term_string}"},"query-input":{"@type":"PropertyValueSpecification","valueRequired":true,"valueName":"search_term_string"}}],"inLanguage":"fr-CA"}]}},"_links":{"self":[{"href":"https:\/\/www.annieshomegrown.ca\/fr\/wp-json\/wp\/v2\/product\/118","targetHints":{"allow":["GET"]}}],"collection":[{"href":"https:\/\/www.annieshomegrown.ca\/fr\/wp-json\/wp\/v2\/product"}],"about":[{"href":"https:\/\/www.annieshomegrown.ca\/fr\/wp-json\/wp\/v2\/types\/product"}],"wp:featuredmedia":[{"embeddable":true,"href":"https:\/\/www.annieshomegrown.ca\/fr\/wp-json\/wp\/v2\/media\/50"}],"wp:attachment":[{"href":"https:\/\/www.annieshomegrown.ca\/fr\/wp-json\/wp\/v2\/media?parent=118"}],"wp:term":[{"taxonomy":"product-category","embeddable":true,"href":"https:\/\/www.annieshomegrown.ca\/fr\/wp-json\/wp\/v2\/product-category?post=118"}],"curies":[{"name":"wp","href":"https:\/\/api.w.org\/{rel}","templated":true}]}}