{"id":206,"date":"2021-05-21T21:02:25","date_gmt":"2021-05-21T21:02:25","guid":{"rendered":"https:\/\/www.annieshomegrown.ca\/fr\/?post_type=product&#038;p=206"},"modified":"2025-11-05T17:03:15","modified_gmt":"2025-11-05T17:03:15","slug":"cereales-anniesmc-croquant-a-la-cannelle","status":"publish","type":"product","link":"https:\/\/www.annieshomegrown.ca\/fr\/product\/cereales-anniesmc-croquant-a-la-cannelle\/","title":{"rendered":"C\u00e9r\u00e9ales Annie&rsquo;s Croquant \u00e0 la cannelle"},"content":{"rendered":"","protected":false},"excerpt":{"rendered":"","protected":false},"featured_media":205,"menu_order":0,"template":"","meta":{"_acf_changed":false},"product-category":[9],"class_list":["post-206","product","type-product","status-publish","has-post-thumbnail","hentry","product-category-cereales"],"acf":[],"yoast_head":"<!-- This site is optimized with the Yoast SEO plugin v27.3 - https:\/\/yoast.com\/product\/yoast-seo-wordpress\/ -->\n<title>C\u00e9r\u00e9ales Croquants \u00e0 la Canelle| Bio | Annie&#039;s Homegrown<\/title>\n<meta name=\"description\" content=\"\u00c9labor\u00e9es avec bont\u00e9 ! Les c\u00e9r\u00e9ales Cinnamon Crunch d\u2019Annie sont parfaites pour le petit d\u00e9jeuner ou comme go\u00fbter. Sans gluten, bios et d\u00e9licieuses.\" \/>\n<meta name=\"robots\" content=\"index, follow, max-snippet:-1, max-image-preview:large, max-video-preview:-1\" \/>\n<link rel=\"canonical\" href=\"https:\/\/www.annieshomegrown.ca\/fr\/product\/cereales-anniesmc-croquant-a-la-cannelle\/\" \/>\n<meta property=\"og:locale\" content=\"fr_CA\" \/>\n<meta property=\"og:type\" content=\"article\" \/>\n<meta property=\"og:title\" content=\"C\u00e9r\u00e9ales Croquants \u00e0 la Canelle| Bio | Annie&#039;s Homegrown\" \/>\n<meta property=\"og:description\" content=\"\u00c9labor\u00e9es avec bont\u00e9 ! Les c\u00e9r\u00e9ales Cinnamon Crunch d\u2019Annie sont parfaites pour le petit d\u00e9jeuner ou comme go\u00fbter. Sans gluten, bios et d\u00e9licieuses.\" \/>\n<meta property=\"og:url\" content=\"https:\/\/www.annieshomegrown.ca\/fr\/product\/cereales-anniesmc-croquant-a-la-cannelle\/\" \/>\n<meta property=\"og:site_name\" content=\"Annie&#039;s Homegrown Fran\u00e7ais\" \/>\n<meta property=\"article:modified_time\" content=\"2025-11-05T17:03:15+00:00\" \/>\n<meta property=\"og:image\" content=\"https:\/\/www.annieshomegrown.ca\/fr\/wp-content\/uploads\/sites\/5\/2021\/05\/Annies_Cinnamon-Crunch-Cereal_FR-460x460-1.png\" \/>\n\t<meta property=\"og:image:width\" content=\"460\" \/>\n\t<meta property=\"og:image:height\" content=\"460\" \/>\n\t<meta property=\"og:image:type\" content=\"image\/png\" \/>\n<meta name=\"twitter:card\" content=\"summary_large_image\" \/>\n<meta name=\"twitter:label1\" content=\"Estimation du temps de lecture\" \/>\n\t<meta name=\"twitter:data1\" content=\"1 minute\" \/>\n<script type=\"application\/ld+json\" class=\"yoast-schema-graph\">{\"@context\":\"https:\\\/\\\/schema.org\",\"@graph\":[{\"@type\":\"WebPage\",\"@id\":\"https:\\\/\\\/www.annieshomegrown.ca\\\/fr\\\/product\\\/cereales-anniesmc-croquant-a-la-cannelle\\\/\",\"url\":\"https:\\\/\\\/www.annieshomegrown.ca\\\/fr\\\/product\\\/cereales-anniesmc-croquant-a-la-cannelle\\\/\",\"name\":\"C\u00e9r\u00e9ales Croquants \u00e0 la Canelle| Bio | Annie's Homegrown\",\"isPartOf\":{\"@id\":\"https:\\\/\\\/www.annieshomegrown.ca\\\/fr\\\/#website\"},\"primaryImageOfPage\":{\"@id\":\"https:\\\/\\\/www.annieshomegrown.ca\\\/fr\\\/product\\\/cereales-anniesmc-croquant-a-la-cannelle\\\/#primaryimage\"},\"image\":{\"@id\":\"https:\\\/\\\/www.annieshomegrown.ca\\\/fr\\\/product\\\/cereales-anniesmc-croquant-a-la-cannelle\\\/#primaryimage\"},\"thumbnailUrl\":\"https:\\\/\\\/www.annieshomegrown.ca\\\/fr\\\/wp-content\\\/uploads\\\/sites\\\/5\\\/2021\\\/05\\\/Annies_Cinnamon-Crunch-Cereal_FR-460x460-1.png\",\"datePublished\":\"2021-05-21T21:02:25+00:00\",\"dateModified\":\"2025-11-05T17:03:15+00:00\",\"description\":\"\u00c9labor\u00e9es avec bont\u00e9 ! Les c\u00e9r\u00e9ales Cinnamon Crunch d\u2019Annie sont parfaites pour le petit d\u00e9jeuner ou comme go\u00fbter. Sans gluten, bios et d\u00e9licieuses.\",\"breadcrumb\":{\"@id\":\"https:\\\/\\\/www.annieshomegrown.ca\\\/fr\\\/product\\\/cereales-anniesmc-croquant-a-la-cannelle\\\/#breadcrumb\"},\"inLanguage\":\"fr-CA\",\"potentialAction\":[{\"@type\":\"ReadAction\",\"target\":[\"https:\\\/\\\/www.annieshomegrown.ca\\\/fr\\\/product\\\/cereales-anniesmc-croquant-a-la-cannelle\\\/\"]}]},{\"@type\":\"ImageObject\",\"inLanguage\":\"fr-CA\",\"@id\":\"https:\\\/\\\/www.annieshomegrown.ca\\\/fr\\\/product\\\/cereales-anniesmc-croquant-a-la-cannelle\\\/#primaryimage\",\"url\":\"https:\\\/\\\/www.annieshomegrown.ca\\\/fr\\\/wp-content\\\/uploads\\\/sites\\\/5\\\/2021\\\/05\\\/Annies_Cinnamon-Crunch-Cereal_FR-460x460-1.png\",\"contentUrl\":\"https:\\\/\\\/www.annieshomegrown.ca\\\/fr\\\/wp-content\\\/uploads\\\/sites\\\/5\\\/2021\\\/05\\\/Annies_Cinnamon-Crunch-Cereal_FR-460x460-1.png\",\"width\":460,\"height\":460,\"caption\":\"C\u00e9r\u00e9ales Annie'sMC Croquant \u00e0 la cannelle\"},{\"@type\":\"BreadcrumbList\",\"@id\":\"https:\\\/\\\/www.annieshomegrown.ca\\\/fr\\\/product\\\/cereales-anniesmc-croquant-a-la-cannelle\\\/#breadcrumb\",\"itemListElement\":[{\"@type\":\"ListItem\",\"position\":1,\"name\":\"Home\",\"item\":\"https:\\\/\\\/www.annieshomegrown.ca\\\/fr\\\/\"},{\"@type\":\"ListItem\",\"position\":2,\"name\":\"C\u00e9r\u00e9ales Annie&rsquo;s Croquant \u00e0 la cannelle\"}]},{\"@type\":\"WebSite\",\"@id\":\"https:\\\/\\\/www.annieshomegrown.ca\\\/fr\\\/#website\",\"url\":\"https:\\\/\\\/www.annieshomegrown.ca\\\/fr\\\/\",\"name\":\"Annie&#039;s Homegrown Fran\u00e7ais\",\"description\":\"Annie&#039;s fabrique des aliments d\u00e9licieux et nourrissants qui sont \u00e9galement bons pour la plan\u00e8te.\",\"potentialAction\":[{\"@type\":\"SearchAction\",\"target\":{\"@type\":\"EntryPoint\",\"urlTemplate\":\"https:\\\/\\\/www.annieshomegrown.ca\\\/fr\\\/?s={search_term_string}\"},\"query-input\":{\"@type\":\"PropertyValueSpecification\",\"valueRequired\":true,\"valueName\":\"search_term_string\"}}],\"inLanguage\":\"fr-CA\"}]}<\/script>\n<!-- \/ Yoast SEO plugin. -->","yoast_head_json":{"title":"C\u00e9r\u00e9ales Croquants \u00e0 la Canelle| Bio | Annie's Homegrown","description":"\u00c9labor\u00e9es avec bont\u00e9 ! Les c\u00e9r\u00e9ales Cinnamon Crunch d\u2019Annie sont parfaites pour le petit d\u00e9jeuner ou comme go\u00fbter. Sans gluten, bios et d\u00e9licieuses.","robots":{"index":"index","follow":"follow","max-snippet":"max-snippet:-1","max-image-preview":"max-image-preview:large","max-video-preview":"max-video-preview:-1"},"canonical":"https:\/\/www.annieshomegrown.ca\/fr\/product\/cereales-anniesmc-croquant-a-la-cannelle\/","og_locale":"fr_CA","og_type":"article","og_title":"C\u00e9r\u00e9ales Croquants \u00e0 la Canelle| Bio | Annie's Homegrown","og_description":"\u00c9labor\u00e9es avec bont\u00e9 ! Les c\u00e9r\u00e9ales Cinnamon Crunch d\u2019Annie sont parfaites pour le petit d\u00e9jeuner ou comme go\u00fbter. Sans gluten, bios et d\u00e9licieuses.","og_url":"https:\/\/www.annieshomegrown.ca\/fr\/product\/cereales-anniesmc-croquant-a-la-cannelle\/","og_site_name":"Annie&#039;s Homegrown Fran\u00e7ais","article_modified_time":"2025-11-05T17:03:15+00:00","og_image":[{"width":460,"height":460,"url":"https:\/\/www.annieshomegrown.ca\/fr\/wp-content\/uploads\/sites\/5\/2021\/05\/Annies_Cinnamon-Crunch-Cereal_FR-460x460-1.png","type":"image\/png"}],"twitter_card":"summary_large_image","twitter_misc":{"Estimation du temps de lecture":"1 minute"},"schema":{"@context":"https:\/\/schema.org","@graph":[{"@type":"WebPage","@id":"https:\/\/www.annieshomegrown.ca\/fr\/product\/cereales-anniesmc-croquant-a-la-cannelle\/","url":"https:\/\/www.annieshomegrown.ca\/fr\/product\/cereales-anniesmc-croquant-a-la-cannelle\/","name":"C\u00e9r\u00e9ales Croquants \u00e0 la Canelle| Bio | Annie's Homegrown","isPartOf":{"@id":"https:\/\/www.annieshomegrown.ca\/fr\/#website"},"primaryImageOfPage":{"@id":"https:\/\/www.annieshomegrown.ca\/fr\/product\/cereales-anniesmc-croquant-a-la-cannelle\/#primaryimage"},"image":{"@id":"https:\/\/www.annieshomegrown.ca\/fr\/product\/cereales-anniesmc-croquant-a-la-cannelle\/#primaryimage"},"thumbnailUrl":"https:\/\/www.annieshomegrown.ca\/fr\/wp-content\/uploads\/sites\/5\/2021\/05\/Annies_Cinnamon-Crunch-Cereal_FR-460x460-1.png","datePublished":"2021-05-21T21:02:25+00:00","dateModified":"2025-11-05T17:03:15+00:00","description":"\u00c9labor\u00e9es avec bont\u00e9 ! Les c\u00e9r\u00e9ales Cinnamon Crunch d\u2019Annie sont parfaites pour le petit d\u00e9jeuner ou comme go\u00fbter. Sans gluten, bios et d\u00e9licieuses.","breadcrumb":{"@id":"https:\/\/www.annieshomegrown.ca\/fr\/product\/cereales-anniesmc-croquant-a-la-cannelle\/#breadcrumb"},"inLanguage":"fr-CA","potentialAction":[{"@type":"ReadAction","target":["https:\/\/www.annieshomegrown.ca\/fr\/product\/cereales-anniesmc-croquant-a-la-cannelle\/"]}]},{"@type":"ImageObject","inLanguage":"fr-CA","@id":"https:\/\/www.annieshomegrown.ca\/fr\/product\/cereales-anniesmc-croquant-a-la-cannelle\/#primaryimage","url":"https:\/\/www.annieshomegrown.ca\/fr\/wp-content\/uploads\/sites\/5\/2021\/05\/Annies_Cinnamon-Crunch-Cereal_FR-460x460-1.png","contentUrl":"https:\/\/www.annieshomegrown.ca\/fr\/wp-content\/uploads\/sites\/5\/2021\/05\/Annies_Cinnamon-Crunch-Cereal_FR-460x460-1.png","width":460,"height":460,"caption":"C\u00e9r\u00e9ales Annie'sMC Croquant \u00e0 la cannelle"},{"@type":"BreadcrumbList","@id":"https:\/\/www.annieshomegrown.ca\/fr\/product\/cereales-anniesmc-croquant-a-la-cannelle\/#breadcrumb","itemListElement":[{"@type":"ListItem","position":1,"name":"Home","item":"https:\/\/www.annieshomegrown.ca\/fr\/"},{"@type":"ListItem","position":2,"name":"C\u00e9r\u00e9ales Annie&rsquo;s Croquant \u00e0 la cannelle"}]},{"@type":"WebSite","@id":"https:\/\/www.annieshomegrown.ca\/fr\/#website","url":"https:\/\/www.annieshomegrown.ca\/fr\/","name":"Annie&#039;s Homegrown Fran\u00e7ais","description":"Annie&#039;s fabrique des aliments d\u00e9licieux et nourrissants qui sont \u00e9galement bons pour la plan\u00e8te.","potentialAction":[{"@type":"SearchAction","target":{"@type":"EntryPoint","urlTemplate":"https:\/\/www.annieshomegrown.ca\/fr\/?s={search_term_string}"},"query-input":{"@type":"PropertyValueSpecification","valueRequired":true,"valueName":"search_term_string"}}],"inLanguage":"fr-CA"}]}},"_links":{"self":[{"href":"https:\/\/www.annieshomegrown.ca\/fr\/wp-json\/wp\/v2\/product\/206","targetHints":{"allow":["GET"]}}],"collection":[{"href":"https:\/\/www.annieshomegrown.ca\/fr\/wp-json\/wp\/v2\/product"}],"about":[{"href":"https:\/\/www.annieshomegrown.ca\/fr\/wp-json\/wp\/v2\/types\/product"}],"wp:featuredmedia":[{"embeddable":true,"href":"https:\/\/www.annieshomegrown.ca\/fr\/wp-json\/wp\/v2\/media\/205"}],"wp:attachment":[{"href":"https:\/\/www.annieshomegrown.ca\/fr\/wp-json\/wp\/v2\/media?parent=206"}],"wp:term":[{"taxonomy":"product-category","embeddable":true,"href":"https:\/\/www.annieshomegrown.ca\/fr\/wp-json\/wp\/v2\/product-category?post=206"}],"curies":[{"name":"wp","href":"https:\/\/api.w.org\/{rel}","templated":true}]}}