{"id":261,"date":"2021-08-25T20:07:36","date_gmt":"2021-08-25T20:07:36","guid":{"rendered":"https:\/\/www.annieshomegrown.ca\/fr\/?post_type=product&#038;p=261"},"modified":"2025-08-25T19:13:46","modified_gmt":"2025-08-25T19:13:46","slug":"barres-granola-biologiques-trempees-aux-grains-de-chocolat-avec-un-enrobage-chocolate","status":"publish","type":"product","link":"https:\/\/www.annieshomegrown.ca\/fr\/product\/barres-granola-biologiques-trempees-aux-grains-de-chocolat-avec-un-enrobage-chocolate\/","title":{"rendered":"Biologique Enrob\u00e9es Barres granola aux brisures de chocolat avec un enrobage chocolat\u00e9"},"content":{"rendered":"","protected":false},"excerpt":{"rendered":"","protected":false},"featured_media":265,"menu_order":0,"template":"","meta":{"_acf_changed":false},"product-category":[18,8],"class_list":["post-261","product","type-product","status-publish","has-post-thumbnail","hentry","product-category-barres","product-category-collations"],"acf":[],"yoast_head":"<!-- This site is optimized with the Yoast SEO plugin v27.3 - https:\/\/yoast.com\/product\/yoast-seo-wordpress\/ -->\n<title>Barres Bios aux Grains de Chocolat | Annie\u2019s Homegrown<\/title>\n<meta name=\"description\" content=\"Les barres de granola bios enrob\u00e9es au chocolat sont la meilleure collation saine, sucr\u00e9e et d\u00e9licieuse qui vous donnera envie d\u2019en manger encore !\" \/>\n<meta name=\"robots\" content=\"index, follow, max-snippet:-1, max-image-preview:large, max-video-preview:-1\" \/>\n<link rel=\"canonical\" href=\"https:\/\/www.annieshomegrown.ca\/fr\/product\/barres-granola-biologiques-trempees-aux-grains-de-chocolat-avec-un-enrobage-chocolate\/\" \/>\n<meta property=\"og:locale\" content=\"fr_CA\" \/>\n<meta property=\"og:type\" content=\"article\" \/>\n<meta property=\"og:title\" content=\"Barres Bios aux Grains de Chocolat | Annie\u2019s Homegrown\" \/>\n<meta property=\"og:description\" content=\"Les barres de granola bios enrob\u00e9es au chocolat sont la meilleure collation saine, sucr\u00e9e et d\u00e9licieuse qui vous donnera envie d\u2019en manger encore !\" \/>\n<meta property=\"og:url\" content=\"https:\/\/www.annieshomegrown.ca\/fr\/product\/barres-granola-biologiques-trempees-aux-grains-de-chocolat-avec-un-enrobage-chocolate\/\" \/>\n<meta property=\"og:site_name\" content=\"Annie&#039;s Homegrown Fran\u00e7ais\" \/>\n<meta property=\"article:modified_time\" content=\"2025-08-25T19:13:46+00:00\" \/>\n<meta property=\"og:image\" content=\"https:\/\/www.annieshomegrown.ca\/fr\/wp-content\/uploads\/sites\/5\/2021\/08\/Barres-granola-biologiques-Trempe\u0301es-aux-grains-de-chocolat-avec-un-enrobage-chocolate\u0301-460x460-1.png\" \/>\n\t<meta property=\"og:image:width\" content=\"460\" \/>\n\t<meta property=\"og:image:height\" content=\"460\" \/>\n\t<meta property=\"og:image:type\" content=\"image\/png\" \/>\n<meta name=\"twitter:card\" content=\"summary_large_image\" \/>\n<meta name=\"twitter:label1\" content=\"Estimation du temps de lecture\" \/>\n\t<meta name=\"twitter:data1\" content=\"1 minute\" \/>\n<script type=\"application\/ld+json\" class=\"yoast-schema-graph\">{\"@context\":\"https:\\\/\\\/schema.org\",\"@graph\":[{\"@type\":\"WebPage\",\"@id\":\"https:\\\/\\\/www.annieshomegrown.ca\\\/fr\\\/product\\\/barres-granola-biologiques-trempees-aux-grains-de-chocolat-avec-un-enrobage-chocolate\\\/\",\"url\":\"https:\\\/\\\/www.annieshomegrown.ca\\\/fr\\\/product\\\/barres-granola-biologiques-trempees-aux-grains-de-chocolat-avec-un-enrobage-chocolate\\\/\",\"name\":\"Barres Bios aux Grains de Chocolat | Annie\u2019s Homegrown\",\"isPartOf\":{\"@id\":\"https:\\\/\\\/www.annieshomegrown.ca\\\/fr\\\/#website\"},\"primaryImageOfPage\":{\"@id\":\"https:\\\/\\\/www.annieshomegrown.ca\\\/fr\\\/product\\\/barres-granola-biologiques-trempees-aux-grains-de-chocolat-avec-un-enrobage-chocolate\\\/#primaryimage\"},\"image\":{\"@id\":\"https:\\\/\\\/www.annieshomegrown.ca\\\/fr\\\/product\\\/barres-granola-biologiques-trempees-aux-grains-de-chocolat-avec-un-enrobage-chocolate\\\/#primaryimage\"},\"thumbnailUrl\":\"https:\\\/\\\/www.annieshomegrown.ca\\\/fr\\\/wp-content\\\/uploads\\\/sites\\\/5\\\/2021\\\/08\\\/Barres-granola-biologiques-Trempe\u0301es-aux-grains-de-chocolat-avec-un-enrobage-chocolate\u0301-460x460-1.png\",\"datePublished\":\"2021-08-25T20:07:36+00:00\",\"dateModified\":\"2025-08-25T19:13:46+00:00\",\"description\":\"Les barres de granola bios enrob\u00e9es au chocolat sont la meilleure collation saine, sucr\u00e9e et d\u00e9licieuse qui vous donnera envie d\u2019en manger encore !\",\"breadcrumb\":{\"@id\":\"https:\\\/\\\/www.annieshomegrown.ca\\\/fr\\\/product\\\/barres-granola-biologiques-trempees-aux-grains-de-chocolat-avec-un-enrobage-chocolate\\\/#breadcrumb\"},\"inLanguage\":\"fr-CA\",\"potentialAction\":[{\"@type\":\"ReadAction\",\"target\":[\"https:\\\/\\\/www.annieshomegrown.ca\\\/fr\\\/product\\\/barres-granola-biologiques-trempees-aux-grains-de-chocolat-avec-un-enrobage-chocolate\\\/\"]}]},{\"@type\":\"ImageObject\",\"inLanguage\":\"fr-CA\",\"@id\":\"https:\\\/\\\/www.annieshomegrown.ca\\\/fr\\\/product\\\/barres-granola-biologiques-trempees-aux-grains-de-chocolat-avec-un-enrobage-chocolate\\\/#primaryimage\",\"url\":\"https:\\\/\\\/www.annieshomegrown.ca\\\/fr\\\/wp-content\\\/uploads\\\/sites\\\/5\\\/2021\\\/08\\\/Barres-granola-biologiques-Trempe\u0301es-aux-grains-de-chocolat-avec-un-enrobage-chocolate\u0301-460x460-1.png\",\"contentUrl\":\"https:\\\/\\\/www.annieshomegrown.ca\\\/fr\\\/wp-content\\\/uploads\\\/sites\\\/5\\\/2021\\\/08\\\/Barres-granola-biologiques-Trempe\u0301es-aux-grains-de-chocolat-avec-un-enrobage-chocolate\u0301-460x460-1.png\",\"width\":460,\"height\":460,\"caption\":\"Barres granola biologiques Tremp\u00e9es aux grains de chocolat avec un enrobage chocolat\u00e9\"},{\"@type\":\"BreadcrumbList\",\"@id\":\"https:\\\/\\\/www.annieshomegrown.ca\\\/fr\\\/product\\\/barres-granola-biologiques-trempees-aux-grains-de-chocolat-avec-un-enrobage-chocolate\\\/#breadcrumb\",\"itemListElement\":[{\"@type\":\"ListItem\",\"position\":1,\"name\":\"Home\",\"item\":\"https:\\\/\\\/www.annieshomegrown.ca\\\/fr\\\/\"},{\"@type\":\"ListItem\",\"position\":2,\"name\":\"Biologique Enrob\u00e9es Barres granola aux brisures de chocolat avec un enrobage chocolat\u00e9\"}]},{\"@type\":\"WebSite\",\"@id\":\"https:\\\/\\\/www.annieshomegrown.ca\\\/fr\\\/#website\",\"url\":\"https:\\\/\\\/www.annieshomegrown.ca\\\/fr\\\/\",\"name\":\"Annie&#039;s Homegrown Fran\u00e7ais\",\"description\":\"Annie&#039;s fabrique des aliments d\u00e9licieux et nourrissants qui sont \u00e9galement bons pour la plan\u00e8te.\",\"potentialAction\":[{\"@type\":\"SearchAction\",\"target\":{\"@type\":\"EntryPoint\",\"urlTemplate\":\"https:\\\/\\\/www.annieshomegrown.ca\\\/fr\\\/?s={search_term_string}\"},\"query-input\":{\"@type\":\"PropertyValueSpecification\",\"valueRequired\":true,\"valueName\":\"search_term_string\"}}],\"inLanguage\":\"fr-CA\"}]}<\/script>\n<!-- \/ Yoast SEO plugin. -->","yoast_head_json":{"title":"Barres Bios aux Grains de Chocolat | Annie\u2019s Homegrown","description":"Les barres de granola bios enrob\u00e9es au chocolat sont la meilleure collation saine, sucr\u00e9e et d\u00e9licieuse qui vous donnera envie d\u2019en manger encore !","robots":{"index":"index","follow":"follow","max-snippet":"max-snippet:-1","max-image-preview":"max-image-preview:large","max-video-preview":"max-video-preview:-1"},"canonical":"https:\/\/www.annieshomegrown.ca\/fr\/product\/barres-granola-biologiques-trempees-aux-grains-de-chocolat-avec-un-enrobage-chocolate\/","og_locale":"fr_CA","og_type":"article","og_title":"Barres Bios aux Grains de Chocolat | Annie\u2019s Homegrown","og_description":"Les barres de granola bios enrob\u00e9es au chocolat sont la meilleure collation saine, sucr\u00e9e et d\u00e9licieuse qui vous donnera envie d\u2019en manger encore !","og_url":"https:\/\/www.annieshomegrown.ca\/fr\/product\/barres-granola-biologiques-trempees-aux-grains-de-chocolat-avec-un-enrobage-chocolate\/","og_site_name":"Annie&#039;s Homegrown Fran\u00e7ais","article_modified_time":"2025-08-25T19:13:46+00:00","og_image":[{"width":460,"height":460,"url":"https:\/\/www.annieshomegrown.ca\/fr\/wp-content\/uploads\/sites\/5\/2021\/08\/Barres-granola-biologiques-Trempe\u0301es-aux-grains-de-chocolat-avec-un-enrobage-chocolate\u0301-460x460-1.png","type":"image\/png"}],"twitter_card":"summary_large_image","twitter_misc":{"Estimation du temps de lecture":"1 minute"},"schema":{"@context":"https:\/\/schema.org","@graph":[{"@type":"WebPage","@id":"https:\/\/www.annieshomegrown.ca\/fr\/product\/barres-granola-biologiques-trempees-aux-grains-de-chocolat-avec-un-enrobage-chocolate\/","url":"https:\/\/www.annieshomegrown.ca\/fr\/product\/barres-granola-biologiques-trempees-aux-grains-de-chocolat-avec-un-enrobage-chocolate\/","name":"Barres Bios aux Grains de Chocolat | Annie\u2019s Homegrown","isPartOf":{"@id":"https:\/\/www.annieshomegrown.ca\/fr\/#website"},"primaryImageOfPage":{"@id":"https:\/\/www.annieshomegrown.ca\/fr\/product\/barres-granola-biologiques-trempees-aux-grains-de-chocolat-avec-un-enrobage-chocolate\/#primaryimage"},"image":{"@id":"https:\/\/www.annieshomegrown.ca\/fr\/product\/barres-granola-biologiques-trempees-aux-grains-de-chocolat-avec-un-enrobage-chocolate\/#primaryimage"},"thumbnailUrl":"https:\/\/www.annieshomegrown.ca\/fr\/wp-content\/uploads\/sites\/5\/2021\/08\/Barres-granola-biologiques-Trempe\u0301es-aux-grains-de-chocolat-avec-un-enrobage-chocolate\u0301-460x460-1.png","datePublished":"2021-08-25T20:07:36+00:00","dateModified":"2025-08-25T19:13:46+00:00","description":"Les barres de granola bios enrob\u00e9es au chocolat sont la meilleure collation saine, sucr\u00e9e et d\u00e9licieuse qui vous donnera envie d\u2019en manger encore !","breadcrumb":{"@id":"https:\/\/www.annieshomegrown.ca\/fr\/product\/barres-granola-biologiques-trempees-aux-grains-de-chocolat-avec-un-enrobage-chocolate\/#breadcrumb"},"inLanguage":"fr-CA","potentialAction":[{"@type":"ReadAction","target":["https:\/\/www.annieshomegrown.ca\/fr\/product\/barres-granola-biologiques-trempees-aux-grains-de-chocolat-avec-un-enrobage-chocolate\/"]}]},{"@type":"ImageObject","inLanguage":"fr-CA","@id":"https:\/\/www.annieshomegrown.ca\/fr\/product\/barres-granola-biologiques-trempees-aux-grains-de-chocolat-avec-un-enrobage-chocolate\/#primaryimage","url":"https:\/\/www.annieshomegrown.ca\/fr\/wp-content\/uploads\/sites\/5\/2021\/08\/Barres-granola-biologiques-Trempe\u0301es-aux-grains-de-chocolat-avec-un-enrobage-chocolate\u0301-460x460-1.png","contentUrl":"https:\/\/www.annieshomegrown.ca\/fr\/wp-content\/uploads\/sites\/5\/2021\/08\/Barres-granola-biologiques-Trempe\u0301es-aux-grains-de-chocolat-avec-un-enrobage-chocolate\u0301-460x460-1.png","width":460,"height":460,"caption":"Barres granola biologiques Tremp\u00e9es aux grains de chocolat avec un enrobage chocolat\u00e9"},{"@type":"BreadcrumbList","@id":"https:\/\/www.annieshomegrown.ca\/fr\/product\/barres-granola-biologiques-trempees-aux-grains-de-chocolat-avec-un-enrobage-chocolate\/#breadcrumb","itemListElement":[{"@type":"ListItem","position":1,"name":"Home","item":"https:\/\/www.annieshomegrown.ca\/fr\/"},{"@type":"ListItem","position":2,"name":"Biologique Enrob\u00e9es Barres granola aux brisures de chocolat avec un enrobage chocolat\u00e9"}]},{"@type":"WebSite","@id":"https:\/\/www.annieshomegrown.ca\/fr\/#website","url":"https:\/\/www.annieshomegrown.ca\/fr\/","name":"Annie&#039;s Homegrown Fran\u00e7ais","description":"Annie&#039;s fabrique des aliments d\u00e9licieux et nourrissants qui sont \u00e9galement bons pour la plan\u00e8te.","potentialAction":[{"@type":"SearchAction","target":{"@type":"EntryPoint","urlTemplate":"https:\/\/www.annieshomegrown.ca\/fr\/?s={search_term_string}"},"query-input":{"@type":"PropertyValueSpecification","valueRequired":true,"valueName":"search_term_string"}}],"inLanguage":"fr-CA"}]}},"_links":{"self":[{"href":"https:\/\/www.annieshomegrown.ca\/fr\/wp-json\/wp\/v2\/product\/261","targetHints":{"allow":["GET"]}}],"collection":[{"href":"https:\/\/www.annieshomegrown.ca\/fr\/wp-json\/wp\/v2\/product"}],"about":[{"href":"https:\/\/www.annieshomegrown.ca\/fr\/wp-json\/wp\/v2\/types\/product"}],"wp:featuredmedia":[{"embeddable":true,"href":"https:\/\/www.annieshomegrown.ca\/fr\/wp-json\/wp\/v2\/media\/265"}],"wp:attachment":[{"href":"https:\/\/www.annieshomegrown.ca\/fr\/wp-json\/wp\/v2\/media?parent=261"}],"wp:term":[{"taxonomy":"product-category","embeddable":true,"href":"https:\/\/www.annieshomegrown.ca\/fr\/wp-json\/wp\/v2\/product-category?post=261"}],"curies":[{"name":"wp","href":"https:\/\/api.w.org\/{rel}","templated":true}]}}