{"id":376,"date":"2022-08-08T13:34:11","date_gmt":"2022-08-08T13:34:11","guid":{"rendered":"https:\/\/www.annieshomegrown.ca\/fr\/?post_type=product&#038;p=376"},"modified":"2025-08-25T19:42:10","modified_gmt":"2025-08-25T19:42:10","slug":"vegetalien-macaroni-a-saveur-de-fromage","status":"publish","type":"product","link":"https:\/\/www.annieshomegrown.ca\/fr\/product\/vegetalien-macaroni-a-saveur-de-fromage\/","title":{"rendered":"V\u00e9g\u00e9talien Macaroni \u00e0 saveur de fromage"},"content":{"rendered":"","protected":false},"excerpt":{"rendered":"","protected":false},"featured_media":377,"menu_order":0,"template":"","meta":{"_acf_changed":false},"product-category":[11,7],"class_list":["post-376","product","type-product","status-publish","has-post-thumbnail","hentry","product-category-macaroni-au-fromage","product-category-pates"],"acf":[],"yoast_head":"<!-- This site is optimized with the Yoast SEO plugin v27.3 - https:\/\/yoast.com\/product\/yoast-seo-wordpress\/ -->\n<title>V\u00e9g\u00e9talien Macaroni \u00e0 saveur de fromage - Annie&#039;s Homegrown Fran\u00e7ais<\/title>\n<meta name=\"robots\" content=\"index, follow, max-snippet:-1, max-image-preview:large, max-video-preview:-1\" \/>\n<link rel=\"canonical\" href=\"https:\/\/www.annieshomegrown.ca\/fr\/product\/vegetalien-macaroni-a-saveur-de-fromage\/\" \/>\n<meta property=\"og:locale\" content=\"fr_CA\" \/>\n<meta property=\"og:type\" content=\"article\" \/>\n<meta property=\"og:title\" content=\"V\u00e9g\u00e9talien Macaroni \u00e0 saveur de fromage - Annie&#039;s Homegrown Fran\u00e7ais\" \/>\n<meta property=\"og:url\" content=\"https:\/\/www.annieshomegrown.ca\/fr\/product\/vegetalien-macaroni-a-saveur-de-fromage\/\" \/>\n<meta property=\"og:site_name\" content=\"Annie&#039;s Homegrown Fran\u00e7ais\" \/>\n<meta property=\"article:modified_time\" content=\"2025-08-25T19:42:10+00:00\" \/>\n<meta property=\"og:image\" content=\"https:\/\/www.annieshomegrown.ca\/fr\/wp-content\/uploads\/sites\/5\/2022\/08\/annies-vegan-mac-macaroni-cheddar-flavour-460x460-1.png\" \/>\n\t<meta property=\"og:image:width\" content=\"460\" \/>\n\t<meta property=\"og:image:height\" content=\"460\" \/>\n\t<meta property=\"og:image:type\" content=\"image\/png\" \/>\n<meta name=\"twitter:card\" content=\"summary_large_image\" \/>\n<meta name=\"twitter:label1\" content=\"Estimation du temps de lecture\" \/>\n\t<meta name=\"twitter:data1\" content=\"1 minute\" \/>\n<script type=\"application\/ld+json\" class=\"yoast-schema-graph\">{\"@context\":\"https:\\\/\\\/schema.org\",\"@graph\":[{\"@type\":\"WebPage\",\"@id\":\"https:\\\/\\\/www.annieshomegrown.ca\\\/fr\\\/product\\\/vegetalien-macaroni-a-saveur-de-fromage\\\/\",\"url\":\"https:\\\/\\\/www.annieshomegrown.ca\\\/fr\\\/product\\\/vegetalien-macaroni-a-saveur-de-fromage\\\/\",\"name\":\"V\u00e9g\u00e9talien Macaroni \u00e0 saveur de fromage - Annie&#039;s Homegrown Fran\u00e7ais\",\"isPartOf\":{\"@id\":\"https:\\\/\\\/www.annieshomegrown.ca\\\/fr\\\/#website\"},\"primaryImageOfPage\":{\"@id\":\"https:\\\/\\\/www.annieshomegrown.ca\\\/fr\\\/product\\\/vegetalien-macaroni-a-saveur-de-fromage\\\/#primaryimage\"},\"image\":{\"@id\":\"https:\\\/\\\/www.annieshomegrown.ca\\\/fr\\\/product\\\/vegetalien-macaroni-a-saveur-de-fromage\\\/#primaryimage\"},\"thumbnailUrl\":\"https:\\\/\\\/www.annieshomegrown.ca\\\/fr\\\/wp-content\\\/uploads\\\/sites\\\/5\\\/2022\\\/08\\\/annies-vegan-mac-macaroni-cheddar-flavour-460x460-1.png\",\"datePublished\":\"2022-08-08T13:34:11+00:00\",\"dateModified\":\"2025-08-25T19:42:10+00:00\",\"breadcrumb\":{\"@id\":\"https:\\\/\\\/www.annieshomegrown.ca\\\/fr\\\/product\\\/vegetalien-macaroni-a-saveur-de-fromage\\\/#breadcrumb\"},\"inLanguage\":\"fr-CA\",\"potentialAction\":[{\"@type\":\"ReadAction\",\"target\":[\"https:\\\/\\\/www.annieshomegrown.ca\\\/fr\\\/product\\\/vegetalien-macaroni-a-saveur-de-fromage\\\/\"]}]},{\"@type\":\"ImageObject\",\"inLanguage\":\"fr-CA\",\"@id\":\"https:\\\/\\\/www.annieshomegrown.ca\\\/fr\\\/product\\\/vegetalien-macaroni-a-saveur-de-fromage\\\/#primaryimage\",\"url\":\"https:\\\/\\\/www.annieshomegrown.ca\\\/fr\\\/wp-content\\\/uploads\\\/sites\\\/5\\\/2022\\\/08\\\/annies-vegan-mac-macaroni-cheddar-flavour-460x460-1.png\",\"contentUrl\":\"https:\\\/\\\/www.annieshomegrown.ca\\\/fr\\\/wp-content\\\/uploads\\\/sites\\\/5\\\/2022\\\/08\\\/annies-vegan-mac-macaroni-cheddar-flavour-460x460-1.png\",\"width\":460,\"height\":460},{\"@type\":\"BreadcrumbList\",\"@id\":\"https:\\\/\\\/www.annieshomegrown.ca\\\/fr\\\/product\\\/vegetalien-macaroni-a-saveur-de-fromage\\\/#breadcrumb\",\"itemListElement\":[{\"@type\":\"ListItem\",\"position\":1,\"name\":\"Home\",\"item\":\"https:\\\/\\\/www.annieshomegrown.ca\\\/fr\\\/\"},{\"@type\":\"ListItem\",\"position\":2,\"name\":\"V\u00e9g\u00e9talien Macaroni \u00e0 saveur de fromage\"}]},{\"@type\":\"WebSite\",\"@id\":\"https:\\\/\\\/www.annieshomegrown.ca\\\/fr\\\/#website\",\"url\":\"https:\\\/\\\/www.annieshomegrown.ca\\\/fr\\\/\",\"name\":\"Annie&#039;s Homegrown Fran\u00e7ais\",\"description\":\"Annie&#039;s fabrique des aliments d\u00e9licieux et nourrissants qui sont \u00e9galement bons pour la plan\u00e8te.\",\"potentialAction\":[{\"@type\":\"SearchAction\",\"target\":{\"@type\":\"EntryPoint\",\"urlTemplate\":\"https:\\\/\\\/www.annieshomegrown.ca\\\/fr\\\/?s={search_term_string}\"},\"query-input\":{\"@type\":\"PropertyValueSpecification\",\"valueRequired\":true,\"valueName\":\"search_term_string\"}}],\"inLanguage\":\"fr-CA\"}]}<\/script>\n<!-- \/ Yoast SEO plugin. -->","yoast_head_json":{"title":"V\u00e9g\u00e9talien Macaroni \u00e0 saveur de fromage - Annie&#039;s Homegrown Fran\u00e7ais","robots":{"index":"index","follow":"follow","max-snippet":"max-snippet:-1","max-image-preview":"max-image-preview:large","max-video-preview":"max-video-preview:-1"},"canonical":"https:\/\/www.annieshomegrown.ca\/fr\/product\/vegetalien-macaroni-a-saveur-de-fromage\/","og_locale":"fr_CA","og_type":"article","og_title":"V\u00e9g\u00e9talien Macaroni \u00e0 saveur de fromage - Annie&#039;s Homegrown Fran\u00e7ais","og_url":"https:\/\/www.annieshomegrown.ca\/fr\/product\/vegetalien-macaroni-a-saveur-de-fromage\/","og_site_name":"Annie&#039;s Homegrown Fran\u00e7ais","article_modified_time":"2025-08-25T19:42:10+00:00","og_image":[{"width":460,"height":460,"url":"https:\/\/www.annieshomegrown.ca\/fr\/wp-content\/uploads\/sites\/5\/2022\/08\/annies-vegan-mac-macaroni-cheddar-flavour-460x460-1.png","type":"image\/png"}],"twitter_card":"summary_large_image","twitter_misc":{"Estimation du temps de lecture":"1 minute"},"schema":{"@context":"https:\/\/schema.org","@graph":[{"@type":"WebPage","@id":"https:\/\/www.annieshomegrown.ca\/fr\/product\/vegetalien-macaroni-a-saveur-de-fromage\/","url":"https:\/\/www.annieshomegrown.ca\/fr\/product\/vegetalien-macaroni-a-saveur-de-fromage\/","name":"V\u00e9g\u00e9talien Macaroni \u00e0 saveur de fromage - Annie&#039;s Homegrown Fran\u00e7ais","isPartOf":{"@id":"https:\/\/www.annieshomegrown.ca\/fr\/#website"},"primaryImageOfPage":{"@id":"https:\/\/www.annieshomegrown.ca\/fr\/product\/vegetalien-macaroni-a-saveur-de-fromage\/#primaryimage"},"image":{"@id":"https:\/\/www.annieshomegrown.ca\/fr\/product\/vegetalien-macaroni-a-saveur-de-fromage\/#primaryimage"},"thumbnailUrl":"https:\/\/www.annieshomegrown.ca\/fr\/wp-content\/uploads\/sites\/5\/2022\/08\/annies-vegan-mac-macaroni-cheddar-flavour-460x460-1.png","datePublished":"2022-08-08T13:34:11+00:00","dateModified":"2025-08-25T19:42:10+00:00","breadcrumb":{"@id":"https:\/\/www.annieshomegrown.ca\/fr\/product\/vegetalien-macaroni-a-saveur-de-fromage\/#breadcrumb"},"inLanguage":"fr-CA","potentialAction":[{"@type":"ReadAction","target":["https:\/\/www.annieshomegrown.ca\/fr\/product\/vegetalien-macaroni-a-saveur-de-fromage\/"]}]},{"@type":"ImageObject","inLanguage":"fr-CA","@id":"https:\/\/www.annieshomegrown.ca\/fr\/product\/vegetalien-macaroni-a-saveur-de-fromage\/#primaryimage","url":"https:\/\/www.annieshomegrown.ca\/fr\/wp-content\/uploads\/sites\/5\/2022\/08\/annies-vegan-mac-macaroni-cheddar-flavour-460x460-1.png","contentUrl":"https:\/\/www.annieshomegrown.ca\/fr\/wp-content\/uploads\/sites\/5\/2022\/08\/annies-vegan-mac-macaroni-cheddar-flavour-460x460-1.png","width":460,"height":460},{"@type":"BreadcrumbList","@id":"https:\/\/www.annieshomegrown.ca\/fr\/product\/vegetalien-macaroni-a-saveur-de-fromage\/#breadcrumb","itemListElement":[{"@type":"ListItem","position":1,"name":"Home","item":"https:\/\/www.annieshomegrown.ca\/fr\/"},{"@type":"ListItem","position":2,"name":"V\u00e9g\u00e9talien Macaroni \u00e0 saveur de fromage"}]},{"@type":"WebSite","@id":"https:\/\/www.annieshomegrown.ca\/fr\/#website","url":"https:\/\/www.annieshomegrown.ca\/fr\/","name":"Annie&#039;s Homegrown Fran\u00e7ais","description":"Annie&#039;s fabrique des aliments d\u00e9licieux et nourrissants qui sont \u00e9galement bons pour la plan\u00e8te.","potentialAction":[{"@type":"SearchAction","target":{"@type":"EntryPoint","urlTemplate":"https:\/\/www.annieshomegrown.ca\/fr\/?s={search_term_string}"},"query-input":{"@type":"PropertyValueSpecification","valueRequired":true,"valueName":"search_term_string"}}],"inLanguage":"fr-CA"}]}},"_links":{"self":[{"href":"https:\/\/www.annieshomegrown.ca\/fr\/wp-json\/wp\/v2\/product\/376","targetHints":{"allow":["GET"]}}],"collection":[{"href":"https:\/\/www.annieshomegrown.ca\/fr\/wp-json\/wp\/v2\/product"}],"about":[{"href":"https:\/\/www.annieshomegrown.ca\/fr\/wp-json\/wp\/v2\/types\/product"}],"wp:featuredmedia":[{"embeddable":true,"href":"https:\/\/www.annieshomegrown.ca\/fr\/wp-json\/wp\/v2\/media\/377"}],"wp:attachment":[{"href":"https:\/\/www.annieshomegrown.ca\/fr\/wp-json\/wp\/v2\/media?parent=376"}],"wp:term":[{"taxonomy":"product-category","embeddable":true,"href":"https:\/\/www.annieshomegrown.ca\/fr\/wp-json\/wp\/v2\/product-category?post=376"}],"curies":[{"name":"wp","href":"https:\/\/api.w.org\/{rel}","templated":true}]}}