{"id":508,"date":"2025-08-07T19:05:02","date_gmt":"2025-08-07T19:05:02","guid":{"rendered":"https:\/\/www.annieshomegrown.ca\/fr\/?post_type=product&#038;p=508"},"modified":"2025-08-11T14:16:04","modified_gmt":"2025-08-11T14:16:04","slug":"super-mac-coquilles-et-cheddar-blanc","status":"publish","type":"product","link":"https:\/\/www.annieshomegrown.ca\/fr\/product\/super-mac-coquilles-et-cheddar-blanc\/","title":{"rendered":"SUPER! MAC Coquilles et cheddar blanc"},"content":{"rendered":"","protected":false},"excerpt":{"rendered":"","protected":false},"featured_media":509,"menu_order":0,"template":"","meta":{"_acf_changed":false},"product-category":[11],"class_list":["post-508","product","type-product","status-publish","has-post-thumbnail","hentry","product-category-macaroni-au-fromage"],"acf":[],"yoast_head":"<!-- This site is optimized with the Yoast SEO plugin v27.3 - https:\/\/yoast.com\/product\/yoast-seo-wordpress\/ -->\n<title>SUPER! MAC Coquilles et cheddar blanc - Annie&#039;s Homegrown Fran\u00e7ais<\/title>\n<meta name=\"robots\" content=\"index, follow, max-snippet:-1, max-image-preview:large, max-video-preview:-1\" \/>\n<link rel=\"canonical\" href=\"https:\/\/www.annieshomegrown.ca\/fr\/product\/super-mac-coquilles-et-cheddar-blanc\/\" \/>\n<meta property=\"og:locale\" content=\"fr_CA\" \/>\n<meta property=\"og:type\" content=\"article\" \/>\n<meta property=\"og:title\" content=\"SUPER! MAC Coquilles et cheddar blanc - Annie&#039;s Homegrown Fran\u00e7ais\" \/>\n<meta property=\"og:url\" content=\"https:\/\/www.annieshomegrown.ca\/fr\/product\/super-mac-coquilles-et-cheddar-blanc\/\" \/>\n<meta property=\"og:site_name\" content=\"Annie&#039;s Homegrown Fran\u00e7ais\" \/>\n<meta property=\"article:modified_time\" content=\"2025-08-11T14:16:04+00:00\" \/>\n<meta property=\"og:image\" content=\"https:\/\/www.annieshomegrown.ca\/fr\/wp-content\/uploads\/sites\/5\/2025\/08\/supermac_shells_n_white_cheddar_460x460.png\" \/>\n\t<meta property=\"og:image:width\" content=\"460\" \/>\n\t<meta property=\"og:image:height\" content=\"460\" \/>\n\t<meta property=\"og:image:type\" content=\"image\/png\" \/>\n<meta name=\"twitter:card\" content=\"summary_large_image\" \/>\n<meta name=\"twitter:label1\" content=\"Estimation du temps de lecture\" \/>\n\t<meta name=\"twitter:data1\" content=\"1 minute\" \/>\n<script type=\"application\/ld+json\" class=\"yoast-schema-graph\">{\"@context\":\"https:\\\/\\\/schema.org\",\"@graph\":[{\"@type\":\"WebPage\",\"@id\":\"https:\\\/\\\/www.annieshomegrown.ca\\\/fr\\\/product\\\/super-mac-coquilles-et-cheddar-blanc\\\/\",\"url\":\"https:\\\/\\\/www.annieshomegrown.ca\\\/fr\\\/product\\\/super-mac-coquilles-et-cheddar-blanc\\\/\",\"name\":\"SUPER! MAC Coquilles et cheddar blanc - Annie&#039;s Homegrown Fran\u00e7ais\",\"isPartOf\":{\"@id\":\"https:\\\/\\\/www.annieshomegrown.ca\\\/fr\\\/#website\"},\"primaryImageOfPage\":{\"@id\":\"https:\\\/\\\/www.annieshomegrown.ca\\\/fr\\\/product\\\/super-mac-coquilles-et-cheddar-blanc\\\/#primaryimage\"},\"image\":{\"@id\":\"https:\\\/\\\/www.annieshomegrown.ca\\\/fr\\\/product\\\/super-mac-coquilles-et-cheddar-blanc\\\/#primaryimage\"},\"thumbnailUrl\":\"https:\\\/\\\/www.annieshomegrown.ca\\\/fr\\\/wp-content\\\/uploads\\\/sites\\\/5\\\/2025\\\/08\\\/supermac_shells_n_white_cheddar_460x460.png\",\"datePublished\":\"2025-08-07T19:05:02+00:00\",\"dateModified\":\"2025-08-11T14:16:04+00:00\",\"breadcrumb\":{\"@id\":\"https:\\\/\\\/www.annieshomegrown.ca\\\/fr\\\/product\\\/super-mac-coquilles-et-cheddar-blanc\\\/#breadcrumb\"},\"inLanguage\":\"fr-CA\",\"potentialAction\":[{\"@type\":\"ReadAction\",\"target\":[\"https:\\\/\\\/www.annieshomegrown.ca\\\/fr\\\/product\\\/super-mac-coquilles-et-cheddar-blanc\\\/\"]}]},{\"@type\":\"ImageObject\",\"inLanguage\":\"fr-CA\",\"@id\":\"https:\\\/\\\/www.annieshomegrown.ca\\\/fr\\\/product\\\/super-mac-coquilles-et-cheddar-blanc\\\/#primaryimage\",\"url\":\"https:\\\/\\\/www.annieshomegrown.ca\\\/fr\\\/wp-content\\\/uploads\\\/sites\\\/5\\\/2025\\\/08\\\/supermac_shells_n_white_cheddar_460x460.png\",\"contentUrl\":\"https:\\\/\\\/www.annieshomegrown.ca\\\/fr\\\/wp-content\\\/uploads\\\/sites\\\/5\\\/2025\\\/08\\\/supermac_shells_n_white_cheddar_460x460.png\",\"width\":460,\"height\":460},{\"@type\":\"BreadcrumbList\",\"@id\":\"https:\\\/\\\/www.annieshomegrown.ca\\\/fr\\\/product\\\/super-mac-coquilles-et-cheddar-blanc\\\/#breadcrumb\",\"itemListElement\":[{\"@type\":\"ListItem\",\"position\":1,\"name\":\"Home\",\"item\":\"https:\\\/\\\/www.annieshomegrown.ca\\\/fr\\\/\"},{\"@type\":\"ListItem\",\"position\":2,\"name\":\"SUPER! MAC Coquilles et cheddar blanc\"}]},{\"@type\":\"WebSite\",\"@id\":\"https:\\\/\\\/www.annieshomegrown.ca\\\/fr\\\/#website\",\"url\":\"https:\\\/\\\/www.annieshomegrown.ca\\\/fr\\\/\",\"name\":\"Annie&#039;s Homegrown Fran\u00e7ais\",\"description\":\"Annie&#039;s fabrique des aliments d\u00e9licieux et nourrissants qui sont \u00e9galement bons pour la plan\u00e8te.\",\"potentialAction\":[{\"@type\":\"SearchAction\",\"target\":{\"@type\":\"EntryPoint\",\"urlTemplate\":\"https:\\\/\\\/www.annieshomegrown.ca\\\/fr\\\/?s={search_term_string}\"},\"query-input\":{\"@type\":\"PropertyValueSpecification\",\"valueRequired\":true,\"valueName\":\"search_term_string\"}}],\"inLanguage\":\"fr-CA\"}]}<\/script>\n<!-- \/ Yoast SEO plugin. -->","yoast_head_json":{"title":"SUPER! MAC Coquilles et cheddar blanc - Annie&#039;s Homegrown Fran\u00e7ais","robots":{"index":"index","follow":"follow","max-snippet":"max-snippet:-1","max-image-preview":"max-image-preview:large","max-video-preview":"max-video-preview:-1"},"canonical":"https:\/\/www.annieshomegrown.ca\/fr\/product\/super-mac-coquilles-et-cheddar-blanc\/","og_locale":"fr_CA","og_type":"article","og_title":"SUPER! MAC Coquilles et cheddar blanc - Annie&#039;s Homegrown Fran\u00e7ais","og_url":"https:\/\/www.annieshomegrown.ca\/fr\/product\/super-mac-coquilles-et-cheddar-blanc\/","og_site_name":"Annie&#039;s Homegrown Fran\u00e7ais","article_modified_time":"2025-08-11T14:16:04+00:00","og_image":[{"width":460,"height":460,"url":"https:\/\/www.annieshomegrown.ca\/fr\/wp-content\/uploads\/sites\/5\/2025\/08\/supermac_shells_n_white_cheddar_460x460.png","type":"image\/png"}],"twitter_card":"summary_large_image","twitter_misc":{"Estimation du temps de lecture":"1 minute"},"schema":{"@context":"https:\/\/schema.org","@graph":[{"@type":"WebPage","@id":"https:\/\/www.annieshomegrown.ca\/fr\/product\/super-mac-coquilles-et-cheddar-blanc\/","url":"https:\/\/www.annieshomegrown.ca\/fr\/product\/super-mac-coquilles-et-cheddar-blanc\/","name":"SUPER! MAC Coquilles et cheddar blanc - Annie&#039;s Homegrown Fran\u00e7ais","isPartOf":{"@id":"https:\/\/www.annieshomegrown.ca\/fr\/#website"},"primaryImageOfPage":{"@id":"https:\/\/www.annieshomegrown.ca\/fr\/product\/super-mac-coquilles-et-cheddar-blanc\/#primaryimage"},"image":{"@id":"https:\/\/www.annieshomegrown.ca\/fr\/product\/super-mac-coquilles-et-cheddar-blanc\/#primaryimage"},"thumbnailUrl":"https:\/\/www.annieshomegrown.ca\/fr\/wp-content\/uploads\/sites\/5\/2025\/08\/supermac_shells_n_white_cheddar_460x460.png","datePublished":"2025-08-07T19:05:02+00:00","dateModified":"2025-08-11T14:16:04+00:00","breadcrumb":{"@id":"https:\/\/www.annieshomegrown.ca\/fr\/product\/super-mac-coquilles-et-cheddar-blanc\/#breadcrumb"},"inLanguage":"fr-CA","potentialAction":[{"@type":"ReadAction","target":["https:\/\/www.annieshomegrown.ca\/fr\/product\/super-mac-coquilles-et-cheddar-blanc\/"]}]},{"@type":"ImageObject","inLanguage":"fr-CA","@id":"https:\/\/www.annieshomegrown.ca\/fr\/product\/super-mac-coquilles-et-cheddar-blanc\/#primaryimage","url":"https:\/\/www.annieshomegrown.ca\/fr\/wp-content\/uploads\/sites\/5\/2025\/08\/supermac_shells_n_white_cheddar_460x460.png","contentUrl":"https:\/\/www.annieshomegrown.ca\/fr\/wp-content\/uploads\/sites\/5\/2025\/08\/supermac_shells_n_white_cheddar_460x460.png","width":460,"height":460},{"@type":"BreadcrumbList","@id":"https:\/\/www.annieshomegrown.ca\/fr\/product\/super-mac-coquilles-et-cheddar-blanc\/#breadcrumb","itemListElement":[{"@type":"ListItem","position":1,"name":"Home","item":"https:\/\/www.annieshomegrown.ca\/fr\/"},{"@type":"ListItem","position":2,"name":"SUPER! MAC Coquilles et cheddar blanc"}]},{"@type":"WebSite","@id":"https:\/\/www.annieshomegrown.ca\/fr\/#website","url":"https:\/\/www.annieshomegrown.ca\/fr\/","name":"Annie&#039;s Homegrown Fran\u00e7ais","description":"Annie&#039;s fabrique des aliments d\u00e9licieux et nourrissants qui sont \u00e9galement bons pour la plan\u00e8te.","potentialAction":[{"@type":"SearchAction","target":{"@type":"EntryPoint","urlTemplate":"https:\/\/www.annieshomegrown.ca\/fr\/?s={search_term_string}"},"query-input":{"@type":"PropertyValueSpecification","valueRequired":true,"valueName":"search_term_string"}}],"inLanguage":"fr-CA"}]}},"_links":{"self":[{"href":"https:\/\/www.annieshomegrown.ca\/fr\/wp-json\/wp\/v2\/product\/508","targetHints":{"allow":["GET"]}}],"collection":[{"href":"https:\/\/www.annieshomegrown.ca\/fr\/wp-json\/wp\/v2\/product"}],"about":[{"href":"https:\/\/www.annieshomegrown.ca\/fr\/wp-json\/wp\/v2\/types\/product"}],"wp:featuredmedia":[{"embeddable":true,"href":"https:\/\/www.annieshomegrown.ca\/fr\/wp-json\/wp\/v2\/media\/509"}],"wp:attachment":[{"href":"https:\/\/www.annieshomegrown.ca\/fr\/wp-json\/wp\/v2\/media?parent=508"}],"wp:term":[{"taxonomy":"product-category","embeddable":true,"href":"https:\/\/www.annieshomegrown.ca\/fr\/wp-json\/wp\/v2\/product-category?post=508"}],"curies":[{"name":"wp","href":"https:\/\/api.w.org\/{rel}","templated":true}]}}